{"id":6530,"date":"2025-09-05T10:55:21","date_gmt":"2025-09-05T08:55:21","guid":{"rendered":"https:\/\/data.bz.it\/?page_id=6530"},"modified":"2025-09-05T11:26:48","modified_gmt":"2025-09-05T09:26:48","slug":"politica-della-qualita","status":"publish","type":"page","link":"https:\/\/data.bz.it\/it\/politica-della-qualita\/","title":{"rendered":"Politica della qualit\u00e0"},"content":{"rendered":"\t\t<div data-elementor-type=\"wp-page\" data-elementor-id=\"6530\" class=\"elementor elementor-6530\" data-elementor-post-type=\"page\">\n\t\t\t\t\t\t<section class=\"elementor-section elementor-top-section elementor-element elementor-element-644fa39c elementor-section-boxed elementor-section-height-default elementor-section-height-default\" data-id=\"644fa39c\" data-element_type=\"section\" data-e-type=\"section\">\n\t\t\t\t\t\t<div class=\"elementor-container elementor-column-gap-default\">\n\t\t\t\t\t<div class=\"elementor-column elementor-col-100 elementor-top-column elementor-element elementor-element-4b27416f\" data-id=\"4b27416f\" data-element_type=\"column\" data-e-type=\"column\">\n\t\t\t<div class=\"elementor-widget-wrap elementor-element-populated\">\n\t\t\t\t\t\t<div class=\"elementor-element elementor-element-3f45abc5 elementor-widget elementor-widget-text-editor\" data-id=\"3f45abc5\" data-element_type=\"widget\" data-e-type=\"widget\" data-widget_type=\"text-editor.default\">\n\t\t\t\t<div class=\"elementor-widget-container\">\n\t\t\t\t\t\t\t\t\t<p><span style=\"color: #ffffff;\">Al fine di garantire un servizio improntato alla massima soddisfazione dei propri clienti, e pi\u00f9 in generale, di tutte le parti interessate, abbiamo definito come principi di riferimento della nostra Politica di Qualit\u00e0:<\/span><\/p><p><span style=\"color: #ffffff;\"><strong>Attenzione focalizzata sul cliente e sulle parti interessate<\/strong><\/span><\/p><p><span style=\"color: #ffffff;\">Ci impegniamo a comprendere le necessit\u00e0 dei clienti e a pianificare le attivit\u00e0 con l\u2019obbiettivo di soddisfarle appieno nel rispetto delle richieste e dei requisiti del mercato di riferimento, adempiere a leggi e regolamenti e nel rispetto delle richieste, requisiti di tutte le parti coinvolte nei propri processi critici.<\/span><\/p><p><span style=\"color: #ffffff;\"><strong><br \/>Approccio per processi<\/strong><\/span><\/p><p><span style=\"color: #ffffff;\">Ci siamo impegnati ad identificare le diverse attivit\u00e0 della Ns organizzazione pianificando i processi, controllando e migliorando costantemente e ad impiegare al meglio le risorse per la loro realizzazione.<\/span><\/p><p><span style=\"color: #ffffff;\">Definiamo al meglio i Ns processi perch\u00e9 siano univoci:<\/span><\/p><p><span style=\"color: #ffffff;\">\u00b7\u00a0\u00a0\u00a0\u00a0\u00a0\u00a0 Gli obiettivi da perseguire e i risultati attesi<\/span><\/p><p><span style=\"color: #ffffff;\">\u00b7\u00a0\u00a0\u00a0\u00a0\u00a0\u00a0 Le responsabilit\u00e0 connesse e le risorse impiegate<\/span><\/p><p><span style=\"color: #ffffff;\"><strong><br \/>Leadership<\/strong><\/span><\/p><p><span style=\"color: #ffffff;\">Ci siamo assunti la responsabilit\u00e0 dell\u2019efficacia del Ns SGQ rendendo disponibili tutte le risorse necessarie e assicurandoci che gli obiettivi pianificati siano compatibili con il contesto e gli indirizzi strategici dell\u2019organizzazione.<\/span><\/p><p><span style=\"color: #ffffff;\">Comunichiamo l\u2019importanza del SGQ e coinvolgiamo attivamente tutte le parti interessate, coordinandole e sostenendole.<\/span><\/p><p><span style=\"color: #ffffff;\"><strong><br \/>Valutazione dei rischi e delle opportunit\u00e0 <\/strong><\/span><\/p><p><span style=\"color: #ffffff;\">Abbiamo pianificato i Ns processi con approccio risk-based thinking (RBT) al fine di attuare le azioni pi\u00f9 idonee per:<\/span><\/p><p><span style=\"color: #ffffff;\">\u00b7\u00a0\u00a0\u00a0\u00a0\u00a0\u00a0 Valutare e trattare rischi associati ai processi<\/span><\/p><p><span style=\"color: #ffffff;\">\u00b7\u00a0\u00a0\u00a0\u00a0\u00a0\u00a0 Sfruttare e rinforzare le opportunit\u00e0 identificate<\/span><\/p><p><span style=\"color: #ffffff;\">Promuoviamo a tutti i livelli un adeguato senso di proattivit\u00e0 nella gestione dei propri rischi.<\/span><\/p><p><span style=\"color: #ffffff;\"><strong><br \/>Coinvolgimento\u00a0 del personale e degli stakeholder<\/strong><\/span><\/p><p><span style=\"color: #ffffff;\">Siamo consapevole che il coinvolgimento del personale e di tutti gli stakeholder, unito all\u2019attiva partecipazione di tutti i collaboratori, sono un elemento strategico primario.<\/span><\/p><p><span style=\"color: #ffffff;\">Promuoviamo lo sviluppo delle professionalit\u00e0 interne e l\u2019attenta selezione delle collaborazioni esterne al fine di dotarci di risorse umane competenti e motivate.<\/span><\/p><p><span style=\"color: #ffffff;\"><strong><br \/>Miglioramento<\/strong><\/span><\/p><p><span style=\"color: #ffffff;\">DATA srl si pone come obiettivo permanente il miglioramento delle prestazioni del proprio SGQ.<\/span><\/p><p><span style=\"color: #ffffff;\">La preliminare valutazione dei rischi e delle opportunit\u00e0 connessi ai processi aziendali, le attivit\u00e0 di verifica, interna ed esterna, e il riesame della Direzione sono gli strumenti che mettiamo in atto per migliorarci costantemente.<\/span><\/p><p><span style=\"color: #ffffff;\">Lo strumento scelto per la persecuzione della propria Politica da parte dell\u2019Organizzazione \u00e8 un Sistema di Gestione della Qualit\u00e0 conforme alla norma UNI EN ISO 9001 ed. 2015.<\/span><\/p><p><span style=\"color: #ffffff;\">Bolzano, 19\/10\/2020<\/span><\/p><p><span style=\"color: #ffffff;\">La Direzione<\/span><\/p>\t\t\t\t\t\t\t\t<\/div>\n\t\t\t\t<\/div>\n\t\t\t\t\t<\/div>\n\t\t<\/div>\n\t\t\t\t\t<\/div>\n\t\t<\/section>\n\t\t\t\t<section class=\"elementor-section elementor-top-section elementor-element elementor-element-564b006 elementor-section-boxed elementor-section-height-default elementor-section-height-default\" data-id=\"564b006\" data-element_type=\"section\" data-e-type=\"section\">\n\t\t\t\t\t\t<div class=\"elementor-container elementor-column-gap-default\">\n\t\t\t\t\t<div class=\"elementor-column elementor-col-100 elementor-top-column elementor-element elementor-element-2693e39\" data-id=\"2693e39\" data-element_type=\"column\" data-e-type=\"column\">\n\t\t\t<div class=\"elementor-widget-wrap elementor-element-populated\">\n\t\t\t\t\t\t<div class=\"elementor-element elementor-element-418a15b elementor-cta--skin-classic elementor-animated-content elementor-bg-transform elementor-bg-transform-zoom-in elementor-widget elementor-widget-call-to-action\" data-id=\"418a15b\" data-element_type=\"widget\" data-e-type=\"widget\" data-widget_type=\"call-to-action.default\">\n\t\t\t\t<div class=\"elementor-widget-container\">\n\t\t\t\t\t\t\t<div class=\"elementor-cta\">\n\t\t\t\t\t\t\t<div class=\"elementor-cta__content\">\n\t\t\t\t\n\t\t\t\t\t\t\t\t\t<h2 class=\"elementor-cta__title elementor-cta__content-item elementor-content-item\">\n\t\t\t\t\t\tPolitica della qualit\u00e0\t\t\t\t\t<\/h2>\n\t\t\t\t\n\t\t\t\t\n\t\t\t\t\t\t\t\t\t<div class=\"elementor-cta__button-wrapper elementor-cta__content-item elementor-content-item \">\n\t\t\t\t\t<a class=\"elementor-cta__button elementor-button elementor-size-\" href=\"https:\/\/data.bz.it\/wp-content\/uploads\/2025\/09\/All-01-Politica-della-qualita-19_10_2020.doc\">\n\t\t\t\t\t\tClicca qui\t\t\t\t\t<\/a>\n\t\t\t\t\t<\/div>\n\t\t\t\t\t\t\t<\/div>\n\t\t\t\t\t\t<\/div>\n\t\t\t\t\t\t<\/div>\n\t\t\t\t<\/div>\n\t\t\t\t\t<\/div>\n\t\t<\/div>\n\t\t\t\t\t<\/div>\n\t\t<\/section>\n\t\t\t\t<\/div>\n\t\t","protected":false},"excerpt":{"rendered":"<p>Al fine di garantire un servizio improntato alla massima soddisfazione dei propri clienti, e pi\u00f9 in generale, di tutte le parti interessate, abbiamo definito come principi di riferimento della nostra Politica di Qualit\u00e0: Attenzione focalizzata sul cliente e sulle parti interessate Ci impegniamo a comprendere le necessit\u00e0 dei clienti e a pianificare le attivit\u00e0 con [&hellip;]<\/p>\n","protected":false},"author":57,"featured_media":0,"parent":0,"menu_order":0,"comment_status":"closed","ping_status":"closed","template":"","meta":{"footnotes":""},"class_list":["post-6530","page","type-page","status-publish","hentry"],"yoast_head":"<!-- This site is optimized with the Yoast SEO plugin v27.3 - https:\/\/yoast.com\/product\/yoast-seo-wordpress\/ -->\n<title>Politica della qualit\u00e0 - DataConsulting<\/title>\n<meta name=\"robots\" content=\"index, follow, max-snippet:-1, max-image-preview:large, max-video-preview:-1\" \/>\n<link rel=\"canonical\" href=\"https:\/\/data.bz.it\/de\/qualitaetsmanagementsystem\/\" \/>\n<meta property=\"og:locale\" content=\"it_IT\" \/>\n<meta property=\"og:type\" content=\"article\" \/>\n<meta property=\"og:title\" content=\"Politica della qualit\u00e0 - DataConsulting\" \/>\n<meta property=\"og:description\" content=\"Al fine di garantire un servizio improntato alla massima soddisfazione dei propri clienti, e pi\u00f9 in generale, di tutte le parti interessate, abbiamo definito come principi di riferimento della nostra Politica di Qualit\u00e0: Attenzione focalizzata sul cliente e sulle parti interessate Ci impegniamo a comprendere le necessit\u00e0 dei clienti e a pianificare le attivit\u00e0 con [&hellip;]\" \/>\n<meta property=\"og:url\" content=\"https:\/\/data.bz.it\/de\/qualitaetsmanagementsystem\/\" \/>\n<meta property=\"og:site_name\" content=\"DataConsulting\" \/>\n<meta property=\"article:modified_time\" content=\"2025-09-05T09:26:48+00:00\" \/>\n<meta property=\"og:image\" content=\"https:\/\/data.bz.it\/wp-content\/uploads\/2019\/10\/databz-og-1.png\" \/>\n\t<meta property=\"og:image:width\" content=\"1600\" \/>\n\t<meta property=\"og:image:height\" content=\"802\" \/>\n\t<meta property=\"og:image:type\" content=\"image\/png\" \/>\n<meta name=\"twitter:card\" content=\"summary_large_image\" \/>\n<meta name=\"twitter:label1\" content=\"Tempo di lettura stimato\" \/>\n\t<meta name=\"twitter:data1\" content=\"3 minuti\" \/>\n<script type=\"application\/ld+json\" class=\"yoast-schema-graph\">{\"@context\":\"https:\\\/\\\/schema.org\",\"@graph\":[{\"@type\":\"WebPage\",\"@id\":\"https:\\\/\\\/data.bz.it\\\/de\\\/qualitaetsmanagementsystem\\\/\",\"url\":\"https:\\\/\\\/data.bz.it\\\/de\\\/qualitaetsmanagementsystem\\\/\",\"name\":\"Politica della qualit\u00e0 - DataConsulting\",\"isPartOf\":{\"@id\":\"https:\\\/\\\/data.bz.it\\\/it\\\/#website\"},\"datePublished\":\"2025-09-05T08:55:21+00:00\",\"dateModified\":\"2025-09-05T09:26:48+00:00\",\"breadcrumb\":{\"@id\":\"https:\\\/\\\/data.bz.it\\\/de\\\/qualitaetsmanagementsystem\\\/#breadcrumb\"},\"inLanguage\":\"it-IT\",\"potentialAction\":[{\"@type\":\"ReadAction\",\"target\":[\"https:\\\/\\\/data.bz.it\\\/de\\\/qualitaetsmanagementsystem\\\/\"]}]},{\"@type\":\"BreadcrumbList\",\"@id\":\"https:\\\/\\\/data.bz.it\\\/de\\\/qualitaetsmanagementsystem\\\/#breadcrumb\",\"itemListElement\":[{\"@type\":\"ListItem\",\"position\":1,\"name\":\"Home\",\"item\":\"https:\\\/\\\/data.bz.it\\\/it\\\/\"},{\"@type\":\"ListItem\",\"position\":2,\"name\":\"Politica della qualit\u00e0\"}]},{\"@type\":\"WebSite\",\"@id\":\"https:\\\/\\\/data.bz.it\\\/it\\\/#website\",\"url\":\"https:\\\/\\\/data.bz.it\\\/it\\\/\",\"name\":\"DataConsulting\",\"description\":\"Un nuovo sito targato WordPress\",\"potentialAction\":[{\"@type\":\"SearchAction\",\"target\":{\"@type\":\"EntryPoint\",\"urlTemplate\":\"https:\\\/\\\/data.bz.it\\\/it\\\/?s={search_term_string}\"},\"query-input\":{\"@type\":\"PropertyValueSpecification\",\"valueRequired\":true,\"valueName\":\"search_term_string\"}}],\"inLanguage\":\"it-IT\"}]}<\/script>\n<!-- \/ Yoast SEO plugin. -->","yoast_head_json":{"title":"Politica della qualit\u00e0 - DataConsulting","robots":{"index":"index","follow":"follow","max-snippet":"max-snippet:-1","max-image-preview":"max-image-preview:large","max-video-preview":"max-video-preview:-1"},"canonical":"https:\/\/data.bz.it\/de\/qualitaetsmanagementsystem\/","og_locale":"it_IT","og_type":"article","og_title":"Politica della qualit\u00e0 - DataConsulting","og_description":"Al fine di garantire un servizio improntato alla massima soddisfazione dei propri clienti, e pi\u00f9 in generale, di tutte le parti interessate, abbiamo definito come principi di riferimento della nostra Politica di Qualit\u00e0: Attenzione focalizzata sul cliente e sulle parti interessate Ci impegniamo a comprendere le necessit\u00e0 dei clienti e a pianificare le attivit\u00e0 con [&hellip;]","og_url":"https:\/\/data.bz.it\/de\/qualitaetsmanagementsystem\/","og_site_name":"DataConsulting","article_modified_time":"2025-09-05T09:26:48+00:00","og_image":[{"width":1600,"height":802,"url":"https:\/\/data.bz.it\/wp-content\/uploads\/2019\/10\/databz-og-1.png","type":"image\/png"}],"twitter_card":"summary_large_image","twitter_misc":{"Tempo di lettura stimato":"3 minuti"},"schema":{"@context":"https:\/\/schema.org","@graph":[{"@type":"WebPage","@id":"https:\/\/data.bz.it\/de\/qualitaetsmanagementsystem\/","url":"https:\/\/data.bz.it\/de\/qualitaetsmanagementsystem\/","name":"Politica della qualit\u00e0 - DataConsulting","isPartOf":{"@id":"https:\/\/data.bz.it\/it\/#website"},"datePublished":"2025-09-05T08:55:21+00:00","dateModified":"2025-09-05T09:26:48+00:00","breadcrumb":{"@id":"https:\/\/data.bz.it\/de\/qualitaetsmanagementsystem\/#breadcrumb"},"inLanguage":"it-IT","potentialAction":[{"@type":"ReadAction","target":["https:\/\/data.bz.it\/de\/qualitaetsmanagementsystem\/"]}]},{"@type":"BreadcrumbList","@id":"https:\/\/data.bz.it\/de\/qualitaetsmanagementsystem\/#breadcrumb","itemListElement":[{"@type":"ListItem","position":1,"name":"Home","item":"https:\/\/data.bz.it\/it\/"},{"@type":"ListItem","position":2,"name":"Politica della qualit\u00e0"}]},{"@type":"WebSite","@id":"https:\/\/data.bz.it\/it\/#website","url":"https:\/\/data.bz.it\/it\/","name":"DataConsulting","description":"Un nuovo sito targato WordPress","potentialAction":[{"@type":"SearchAction","target":{"@type":"EntryPoint","urlTemplate":"https:\/\/data.bz.it\/it\/?s={search_term_string}"},"query-input":{"@type":"PropertyValueSpecification","valueRequired":true,"valueName":"search_term_string"}}],"inLanguage":"it-IT"}]}},"_links":{"self":[{"href":"https:\/\/data.bz.it\/it\/wp-json\/wp\/v2\/pages\/6530","targetHints":{"allow":["GET"]}}],"collection":[{"href":"https:\/\/data.bz.it\/it\/wp-json\/wp\/v2\/pages"}],"about":[{"href":"https:\/\/data.bz.it\/it\/wp-json\/wp\/v2\/types\/page"}],"author":[{"embeddable":true,"href":"https:\/\/data.bz.it\/it\/wp-json\/wp\/v2\/users\/57"}],"replies":[{"embeddable":true,"href":"https:\/\/data.bz.it\/it\/wp-json\/wp\/v2\/comments?post=6530"}],"version-history":[{"count":14,"href":"https:\/\/data.bz.it\/it\/wp-json\/wp\/v2\/pages\/6530\/revisions"}],"predecessor-version":[{"id":6559,"href":"https:\/\/data.bz.it\/it\/wp-json\/wp\/v2\/pages\/6530\/revisions\/6559"}],"wp:attachment":[{"href":"https:\/\/data.bz.it\/it\/wp-json\/wp\/v2\/media?parent=6530"}],"curies":[{"name":"wp","href":"https:\/\/api.w.org\/{rel}","templated":true}]}}