{"id":33,"date":"2019-07-26T09:57:40","date_gmt":"2019-07-26T07:57:40","guid":{"rendered":"http:\/\/dev.sheldon.studio\/data.bz.it?page_id=33"},"modified":"2020-06-02T21:59:52","modified_gmt":"2020-06-02T19:59:52","slug":"about","status":"publish","type":"page","link":"https:\/\/data.bz.it\/it\/about\/","title":{"rendered":"About"},"content":{"rendered":"<section class=\"contains-introduction\">\n    <div class=\"container\">\n        <div class=\"contents\">\n            <\/p>\n<h1>DataConsulting:<br \/>\nspecialisti al servizio della tua azienda.<\/h1>\n<p>DataConsulting offre servizi di consulenza per aiutare imprese di ogni tipo e dimensione. Insieme potrete affrontare tutte le complessit\u00e0 della gestione economica, amministrativa, fiscale e societaria.<\/p>\n<p>Con pi\u00f9 di 50 anni, DataConsulting si \u00e8 adeguata ai mutamenti del mercato per poter rispondere con puntualit\u00e0 e precisione alle richieste dei propri clienti.<\/p>\n<p>Negli uffici di Bolzano e Brunico lavorano pi\u00f9 di 50 persone tra validi collaboratori e ottimi consulenti. Tutti altamente qualificati in ognuno dei servizi che l\u2019azienda offre ai propri clienti. \u00c8 grazie alla loro preparazione che DataConsulting affianca gli imprenditori e li accompagna lungo la strada per il loro successo.<\/p>\n<a href=\"#cf-modal-CF5d3af0e323c2e69ef6db90451e\" class=\"caldera-forms-modal\" data-form=\"CF5d3af0e323c2e\" title=\"Click to open the form Contattaci in a modal\"> <\/a><a class=\"button is-red contact-us\" data-contact-form-id=\"CF5d3af0e323c2e\" href=\"#\">Contattaci per una consulenza<\/a>\n        <\/div>\n    <\/div>\n<\/section>\n","protected":false},"excerpt":{"rendered":"","protected":false},"author":1,"featured_media":0,"parent":0,"menu_order":0,"comment_status":"closed","ping_status":"closed","template":"page-templates\/structured.php","meta":{"footnotes":""},"class_list":["post-33","page","type-page","status-publish","hentry"],"yoast_head":"<!-- This site is optimized with the Yoast SEO plugin v27.3 - https:\/\/yoast.com\/product\/yoast-seo-wordpress\/ -->\n<title>About - DataConsulting<\/title>\n<meta name=\"robots\" content=\"index, follow, max-snippet:-1, max-image-preview:large, max-video-preview:-1\" \/>\n<link rel=\"canonical\" href=\"https:\/\/data.bz.it\/it\/about\/\" \/>\n<meta property=\"og:locale\" content=\"it_IT\" \/>\n<meta property=\"og:type\" content=\"article\" \/>\n<meta property=\"og:title\" content=\"About - DataConsulting\" \/>\n<meta property=\"og:url\" content=\"https:\/\/data.bz.it\/it\/about\/\" \/>\n<meta property=\"og:site_name\" content=\"DataConsulting\" \/>\n<meta property=\"article:modified_time\" content=\"2020-06-02T19:59:52+00:00\" \/>\n<meta property=\"og:image\" content=\"https:\/\/data.bz.it\/wp-content\/uploads\/2019\/10\/databz-og-1.png\" \/>\n\t<meta property=\"og:image:width\" content=\"1600\" \/>\n\t<meta property=\"og:image:height\" content=\"802\" \/>\n\t<meta property=\"og:image:type\" content=\"image\/png\" \/>\n<meta name=\"twitter:card\" content=\"summary_large_image\" \/>\n<meta name=\"twitter:label1\" content=\"Tempo di lettura stimato\" \/>\n\t<meta name=\"twitter:data1\" content=\"1 minuto\" \/>\n<script type=\"application\/ld+json\" class=\"yoast-schema-graph\">{\"@context\":\"https:\\\/\\\/schema.org\",\"@graph\":[{\"@type\":\"WebPage\",\"@id\":\"https:\\\/\\\/data.bz.it\\\/it\\\/about\\\/\",\"url\":\"https:\\\/\\\/data.bz.it\\\/it\\\/about\\\/\",\"name\":\"About - DataConsulting\",\"isPartOf\":{\"@id\":\"https:\\\/\\\/data.bz.it\\\/it\\\/#website\"},\"datePublished\":\"2019-07-26T07:57:40+00:00\",\"dateModified\":\"2020-06-02T19:59:52+00:00\",\"breadcrumb\":{\"@id\":\"https:\\\/\\\/data.bz.it\\\/it\\\/about\\\/#breadcrumb\"},\"inLanguage\":\"it-IT\",\"potentialAction\":[{\"@type\":\"ReadAction\",\"target\":[\"https:\\\/\\\/data.bz.it\\\/it\\\/about\\\/\"]}]},{\"@type\":\"BreadcrumbList\",\"@id\":\"https:\\\/\\\/data.bz.it\\\/it\\\/about\\\/#breadcrumb\",\"itemListElement\":[{\"@type\":\"ListItem\",\"position\":1,\"name\":\"Home\",\"item\":\"https:\\\/\\\/data.bz.it\\\/it\\\/\"},{\"@type\":\"ListItem\",\"position\":2,\"name\":\"About\"}]},{\"@type\":\"WebSite\",\"@id\":\"https:\\\/\\\/data.bz.it\\\/it\\\/#website\",\"url\":\"https:\\\/\\\/data.bz.it\\\/it\\\/\",\"name\":\"DataConsulting\",\"description\":\"Un nuovo sito targato WordPress\",\"potentialAction\":[{\"@type\":\"SearchAction\",\"target\":{\"@type\":\"EntryPoint\",\"urlTemplate\":\"https:\\\/\\\/data.bz.it\\\/it\\\/?s={search_term_string}\"},\"query-input\":{\"@type\":\"PropertyValueSpecification\",\"valueRequired\":true,\"valueName\":\"search_term_string\"}}],\"inLanguage\":\"it-IT\"}]}<\/script>\n<!-- \/ Yoast SEO plugin. -->","yoast_head_json":{"title":"About - DataConsulting","robots":{"index":"index","follow":"follow","max-snippet":"max-snippet:-1","max-image-preview":"max-image-preview:large","max-video-preview":"max-video-preview:-1"},"canonical":"https:\/\/data.bz.it\/it\/about\/","og_locale":"it_IT","og_type":"article","og_title":"About - DataConsulting","og_url":"https:\/\/data.bz.it\/it\/about\/","og_site_name":"DataConsulting","article_modified_time":"2020-06-02T19:59:52+00:00","og_image":[{"width":1600,"height":802,"url":"https:\/\/data.bz.it\/wp-content\/uploads\/2019\/10\/databz-og-1.png","type":"image\/png"}],"twitter_card":"summary_large_image","twitter_misc":{"Tempo di lettura stimato":"1 minuto"},"schema":{"@context":"https:\/\/schema.org","@graph":[{"@type":"WebPage","@id":"https:\/\/data.bz.it\/it\/about\/","url":"https:\/\/data.bz.it\/it\/about\/","name":"About - DataConsulting","isPartOf":{"@id":"https:\/\/data.bz.it\/it\/#website"},"datePublished":"2019-07-26T07:57:40+00:00","dateModified":"2020-06-02T19:59:52+00:00","breadcrumb":{"@id":"https:\/\/data.bz.it\/it\/about\/#breadcrumb"},"inLanguage":"it-IT","potentialAction":[{"@type":"ReadAction","target":["https:\/\/data.bz.it\/it\/about\/"]}]},{"@type":"BreadcrumbList","@id":"https:\/\/data.bz.it\/it\/about\/#breadcrumb","itemListElement":[{"@type":"ListItem","position":1,"name":"Home","item":"https:\/\/data.bz.it\/it\/"},{"@type":"ListItem","position":2,"name":"About"}]},{"@type":"WebSite","@id":"https:\/\/data.bz.it\/it\/#website","url":"https:\/\/data.bz.it\/it\/","name":"DataConsulting","description":"Un nuovo sito targato WordPress","potentialAction":[{"@type":"SearchAction","target":{"@type":"EntryPoint","urlTemplate":"https:\/\/data.bz.it\/it\/?s={search_term_string}"},"query-input":{"@type":"PropertyValueSpecification","valueRequired":true,"valueName":"search_term_string"}}],"inLanguage":"it-IT"}]}},"_links":{"self":[{"href":"https:\/\/data.bz.it\/it\/wp-json\/wp\/v2\/pages\/33","targetHints":{"allow":["GET"]}}],"collection":[{"href":"https:\/\/data.bz.it\/it\/wp-json\/wp\/v2\/pages"}],"about":[{"href":"https:\/\/data.bz.it\/it\/wp-json\/wp\/v2\/types\/page"}],"author":[{"embeddable":true,"href":"https:\/\/data.bz.it\/it\/wp-json\/wp\/v2\/users\/1"}],"replies":[{"embeddable":true,"href":"https:\/\/data.bz.it\/it\/wp-json\/wp\/v2\/comments?post=33"}],"version-history":[{"count":6,"href":"https:\/\/data.bz.it\/it\/wp-json\/wp\/v2\/pages\/33\/revisions"}],"predecessor-version":[{"id":1227,"href":"https:\/\/data.bz.it\/it\/wp-json\/wp\/v2\/pages\/33\/revisions\/1227"}],"wp:attachment":[{"href":"https:\/\/data.bz.it\/it\/wp-json\/wp\/v2\/media?parent=33"}],"curies":[{"name":"wp","href":"https:\/\/api.w.org\/{rel}","templated":true}]}}