{"id":31,"date":"2019-07-26T09:56:54","date_gmt":"2019-07-26T07:56:54","guid":{"rendered":"http:\/\/dev.sheldon.studio\/data.bz.it?page_id=31"},"modified":"2023-01-19T17:17:00","modified_gmt":"2023-01-19T16:17:00","slug":"lavora-con-noi","status":"publish","type":"page","link":"https:\/\/data.bz.it\/it\/lavora-con-noi\/","title":{"rendered":"Il valore dell\u2019esperienza, la forza dell\u2019innovazione. Lavora con DataConsulting!"},"content":{"rendered":"<p>DataConsulting \u00e8 una realt\u00e0 con oltre 40 anni di esperienza in consulenza operativa, contabilit\u00e0, diritto del lavoro, consulenza aziendale e fiscale, revisione e amministrazione del personale, che ha raggiunto, per seriet\u00e0, affidabilit\u00e0 e valore, una posizione di leadership in Alto Adige. Il nostro credo \u00e8 dare valore alla formazione per continuare a crescere, acquisire nuovi strumenti per innovarsi e dare risposte sempre pi\u00f9 duttili e diversificate per le diverse esigenze dei nostri clienti.<\/p>\n<p>Se hai determinazione, seriet\u00e0 e voglia di acquisire nuove skills per aggiungere valore alla tua professionalit\u00e0, prenderemo volentieri in esame la tua candidatura.<\/p>\n","protected":false},"excerpt":{"rendered":"<p>DataConsulting \u00e8 una realt\u00e0 con oltre 40 anni di esperienza in consulenza operativa, contabilit\u00e0, diritto del lavoro, consulenza aziendale e fiscale, revisione e amministrazione del personale, che ha raggiunto, per seriet\u00e0, affidabilit\u00e0 e valore, una posizione di leadership in Alto Adige. Il nostro credo \u00e8 dare valore alla formazione per continuare a crescere, acquisire nuovi [&hellip;]<\/p>\n","protected":false},"author":1,"featured_media":0,"parent":0,"menu_order":0,"comment_status":"closed","ping_status":"closed","template":"page-templates\/jobs-archive.php","meta":{"footnotes":""},"class_list":["post-31","page","type-page","status-publish","hentry"],"yoast_head":"<!-- This site is optimized with the Yoast SEO plugin v27.3 - https:\/\/yoast.com\/product\/yoast-seo-wordpress\/ -->\n<title>Il valore dell\u2019esperienza, la forza dell\u2019innovazione. Lavora con DataConsulting! - DataConsulting<\/title>\n<meta name=\"robots\" content=\"index, follow, max-snippet:-1, max-image-preview:large, max-video-preview:-1\" \/>\n<link rel=\"canonical\" href=\"https:\/\/data.bz.it\/it\/lavora-con-noi\/\" \/>\n<meta property=\"og:locale\" content=\"it_IT\" \/>\n<meta property=\"og:type\" content=\"article\" \/>\n<meta property=\"og:title\" content=\"Il valore dell\u2019esperienza, la forza dell\u2019innovazione. Lavora con DataConsulting! - DataConsulting\" \/>\n<meta property=\"og:description\" content=\"DataConsulting \u00e8 una realt\u00e0 con oltre 40 anni di esperienza in consulenza operativa, contabilit\u00e0, diritto del lavoro, consulenza aziendale e fiscale, revisione e amministrazione del personale, che ha raggiunto, per seriet\u00e0, affidabilit\u00e0 e valore, una posizione di leadership in Alto Adige. Il nostro credo \u00e8 dare valore alla formazione per continuare a crescere, acquisire nuovi [&hellip;]\" \/>\n<meta property=\"og:url\" content=\"https:\/\/data.bz.it\/it\/lavora-con-noi\/\" \/>\n<meta property=\"og:site_name\" content=\"DataConsulting\" \/>\n<meta property=\"article:modified_time\" content=\"2023-01-19T16:17:00+00:00\" \/>\n<meta property=\"og:image\" content=\"https:\/\/data.bz.it\/wp-content\/uploads\/2019\/10\/databz-og-1.png\" \/>\n\t<meta property=\"og:image:width\" content=\"1600\" \/>\n\t<meta property=\"og:image:height\" content=\"802\" \/>\n\t<meta property=\"og:image:type\" content=\"image\/png\" \/>\n<meta name=\"twitter:card\" content=\"summary_large_image\" \/>\n<meta name=\"twitter:label1\" content=\"Tempo di lettura stimato\" \/>\n\t<meta name=\"twitter:data1\" content=\"1 minuto\" \/>\n<script type=\"application\/ld+json\" class=\"yoast-schema-graph\">{\"@context\":\"https:\\\/\\\/schema.org\",\"@graph\":[{\"@type\":\"WebPage\",\"@id\":\"https:\\\/\\\/data.bz.it\\\/it\\\/lavora-con-noi\\\/\",\"url\":\"https:\\\/\\\/data.bz.it\\\/it\\\/lavora-con-noi\\\/\",\"name\":\"Il valore dell\u2019esperienza, la forza dell\u2019innovazione. Lavora con DataConsulting! - DataConsulting\",\"isPartOf\":{\"@id\":\"https:\\\/\\\/data.bz.it\\\/it\\\/#website\"},\"datePublished\":\"2019-07-26T07:56:54+00:00\",\"dateModified\":\"2023-01-19T16:17:00+00:00\",\"breadcrumb\":{\"@id\":\"https:\\\/\\\/data.bz.it\\\/it\\\/lavora-con-noi\\\/#breadcrumb\"},\"inLanguage\":\"it-IT\",\"potentialAction\":[{\"@type\":\"ReadAction\",\"target\":[\"https:\\\/\\\/data.bz.it\\\/it\\\/lavora-con-noi\\\/\"]}]},{\"@type\":\"BreadcrumbList\",\"@id\":\"https:\\\/\\\/data.bz.it\\\/it\\\/lavora-con-noi\\\/#breadcrumb\",\"itemListElement\":[{\"@type\":\"ListItem\",\"position\":1,\"name\":\"Home\",\"item\":\"https:\\\/\\\/data.bz.it\\\/it\\\/\"},{\"@type\":\"ListItem\",\"position\":2,\"name\":\"Il valore dell\u2019esperienza, la forza dell\u2019innovazione. Lavora con DataConsulting!\"}]},{\"@type\":\"WebSite\",\"@id\":\"https:\\\/\\\/data.bz.it\\\/it\\\/#website\",\"url\":\"https:\\\/\\\/data.bz.it\\\/it\\\/\",\"name\":\"DataConsulting\",\"description\":\"Un nuovo sito targato WordPress\",\"potentialAction\":[{\"@type\":\"SearchAction\",\"target\":{\"@type\":\"EntryPoint\",\"urlTemplate\":\"https:\\\/\\\/data.bz.it\\\/it\\\/?s={search_term_string}\"},\"query-input\":{\"@type\":\"PropertyValueSpecification\",\"valueRequired\":true,\"valueName\":\"search_term_string\"}}],\"inLanguage\":\"it-IT\"}]}<\/script>\n<!-- \/ Yoast SEO plugin. -->","yoast_head_json":{"title":"Il valore dell\u2019esperienza, la forza dell\u2019innovazione. Lavora con DataConsulting! - DataConsulting","robots":{"index":"index","follow":"follow","max-snippet":"max-snippet:-1","max-image-preview":"max-image-preview:large","max-video-preview":"max-video-preview:-1"},"canonical":"https:\/\/data.bz.it\/it\/lavora-con-noi\/","og_locale":"it_IT","og_type":"article","og_title":"Il valore dell\u2019esperienza, la forza dell\u2019innovazione. Lavora con DataConsulting! - DataConsulting","og_description":"DataConsulting \u00e8 una realt\u00e0 con oltre 40 anni di esperienza in consulenza operativa, contabilit\u00e0, diritto del lavoro, consulenza aziendale e fiscale, revisione e amministrazione del personale, che ha raggiunto, per seriet\u00e0, affidabilit\u00e0 e valore, una posizione di leadership in Alto Adige. Il nostro credo \u00e8 dare valore alla formazione per continuare a crescere, acquisire nuovi [&hellip;]","og_url":"https:\/\/data.bz.it\/it\/lavora-con-noi\/","og_site_name":"DataConsulting","article_modified_time":"2023-01-19T16:17:00+00:00","og_image":[{"width":1600,"height":802,"url":"https:\/\/data.bz.it\/wp-content\/uploads\/2019\/10\/databz-og-1.png","type":"image\/png"}],"twitter_card":"summary_large_image","twitter_misc":{"Tempo di lettura stimato":"1 minuto"},"schema":{"@context":"https:\/\/schema.org","@graph":[{"@type":"WebPage","@id":"https:\/\/data.bz.it\/it\/lavora-con-noi\/","url":"https:\/\/data.bz.it\/it\/lavora-con-noi\/","name":"Il valore dell\u2019esperienza, la forza dell\u2019innovazione. Lavora con DataConsulting! - DataConsulting","isPartOf":{"@id":"https:\/\/data.bz.it\/it\/#website"},"datePublished":"2019-07-26T07:56:54+00:00","dateModified":"2023-01-19T16:17:00+00:00","breadcrumb":{"@id":"https:\/\/data.bz.it\/it\/lavora-con-noi\/#breadcrumb"},"inLanguage":"it-IT","potentialAction":[{"@type":"ReadAction","target":["https:\/\/data.bz.it\/it\/lavora-con-noi\/"]}]},{"@type":"BreadcrumbList","@id":"https:\/\/data.bz.it\/it\/lavora-con-noi\/#breadcrumb","itemListElement":[{"@type":"ListItem","position":1,"name":"Home","item":"https:\/\/data.bz.it\/it\/"},{"@type":"ListItem","position":2,"name":"Il valore dell\u2019esperienza, la forza dell\u2019innovazione. Lavora con DataConsulting!"}]},{"@type":"WebSite","@id":"https:\/\/data.bz.it\/it\/#website","url":"https:\/\/data.bz.it\/it\/","name":"DataConsulting","description":"Un nuovo sito targato WordPress","potentialAction":[{"@type":"SearchAction","target":{"@type":"EntryPoint","urlTemplate":"https:\/\/data.bz.it\/it\/?s={search_term_string}"},"query-input":{"@type":"PropertyValueSpecification","valueRequired":true,"valueName":"search_term_string"}}],"inLanguage":"it-IT"}]}},"_links":{"self":[{"href":"https:\/\/data.bz.it\/it\/wp-json\/wp\/v2\/pages\/31","targetHints":{"allow":["GET"]}}],"collection":[{"href":"https:\/\/data.bz.it\/it\/wp-json\/wp\/v2\/pages"}],"about":[{"href":"https:\/\/data.bz.it\/it\/wp-json\/wp\/v2\/types\/page"}],"author":[{"embeddable":true,"href":"https:\/\/data.bz.it\/it\/wp-json\/wp\/v2\/users\/1"}],"replies":[{"embeddable":true,"href":"https:\/\/data.bz.it\/it\/wp-json\/wp\/v2\/comments?post=31"}],"version-history":[{"count":10,"href":"https:\/\/data.bz.it\/it\/wp-json\/wp\/v2\/pages\/31\/revisions"}],"predecessor-version":[{"id":5461,"href":"https:\/\/data.bz.it\/it\/wp-json\/wp\/v2\/pages\/31\/revisions\/5461"}],"wp:attachment":[{"href":"https:\/\/data.bz.it\/it\/wp-json\/wp\/v2\/media?parent=31"}],"curies":[{"name":"wp","href":"https:\/\/api.w.org\/{rel}","templated":true}]}}