{"id":22,"date":"2019-07-26T09:55:37","date_gmt":"2019-07-26T07:55:37","guid":{"rendered":"http:\/\/dev.sheldon.studio\/data.bz.it?page_id=22"},"modified":"2020-06-02T22:04:26","modified_gmt":"2020-06-02T20:04:26","slug":"soluzioni-digitali","status":"publish","type":"page","link":"https:\/\/data.bz.it\/it\/soluzioni-digitali\/","title":{"rendered":"Soluzioni Digitali"},"content":{"rendered":"<section class=\"contains-introduction\">\n    <div class=\"container\">\n        <div class=\"contents\">\n            <\/p>\n<h1>Soluzioni digitali.<\/h1>\n<p>Se avete uno studio o un\u2019impresa, conoscete le complessit\u00e0 della gestione quotidiana, come monitorare in tempo reale gli andamenti e le performance delle vostre attivit\u00e0, condividere dati e documenti, ottenere informazioni dalla contabilit\u00e0 in modo sicuro e affidabile. Forti di un\u2019esperienza consolidata in consulenza aziendale, noi di DataConsulting siamo in grado di aiutare la vostra scelta della soluzione digitale perfetta per la vostra realt\u00e0, grazie a software evoluti in grado di risolvere criticit\u00e0 e flussi in modo semplice e sicuro, come condividere dati e monitorare le performance di un\u2019attivit\u00e0; generare in modo chiaro e sicuro fatture e preventivi o gestire in totale autonomia l\u2019intera contabilit\u00e0 in modo semplice e intuitivo.<\/p>\n<p>Affidatevi alla nostra esperienza e lasciatevi accompagnare nella scelta degli strumenti adatti alla gestione quotidiana della vostra impresa.<\/p>\n<a href=\"#cf-modal-CF5d3af0e323c2e69ea7fc5073e8\" class=\"caldera-forms-modal\" data-form=\"CF5d3af0e323c2e\" title=\"Click to open the form Contattaci in a modal\"> <\/a><a class=\"button is-red contact-us\" data-contact-form-id=\"CF5d3af0e323c2e\" href=\"#\">Contattaci per una consulenza<\/a>\n        <\/div>\n    <\/div>\n<\/section>\n","protected":false},"excerpt":{"rendered":"","protected":false},"author":1,"featured_media":0,"parent":0,"menu_order":0,"comment_status":"closed","ping_status":"closed","template":"page-templates\/structured.php","meta":{"footnotes":""},"class_list":["post-22","page","type-page","status-publish","hentry"],"yoast_head":"<!-- This site is optimized with the Yoast SEO plugin v27.3 - https:\/\/yoast.com\/product\/yoast-seo-wordpress\/ -->\n<title>Soluzioni Digitali - DataConsulting<\/title>\n<meta name=\"robots\" content=\"index, follow, max-snippet:-1, max-image-preview:large, max-video-preview:-1\" \/>\n<link rel=\"canonical\" href=\"https:\/\/data.bz.it\/it\/soluzioni-digitali\/\" \/>\n<meta property=\"og:locale\" content=\"it_IT\" \/>\n<meta property=\"og:type\" content=\"article\" \/>\n<meta property=\"og:title\" content=\"Soluzioni Digitali - DataConsulting\" \/>\n<meta property=\"og:url\" content=\"https:\/\/data.bz.it\/it\/soluzioni-digitali\/\" \/>\n<meta property=\"og:site_name\" content=\"DataConsulting\" \/>\n<meta property=\"article:modified_time\" content=\"2020-06-02T20:04:26+00:00\" \/>\n<meta property=\"og:image\" content=\"https:\/\/data.bz.it\/wp-content\/uploads\/2019\/10\/databz-og-1.png\" \/>\n\t<meta property=\"og:image:width\" content=\"1600\" \/>\n\t<meta property=\"og:image:height\" content=\"802\" \/>\n\t<meta property=\"og:image:type\" content=\"image\/png\" \/>\n<meta name=\"twitter:card\" content=\"summary_large_image\" \/>\n<meta name=\"twitter:label1\" content=\"Tempo di lettura stimato\" \/>\n\t<meta name=\"twitter:data1\" content=\"1 minuto\" \/>\n<script type=\"application\/ld+json\" class=\"yoast-schema-graph\">{\"@context\":\"https:\\\/\\\/schema.org\",\"@graph\":[{\"@type\":\"WebPage\",\"@id\":\"https:\\\/\\\/data.bz.it\\\/it\\\/soluzioni-digitali\\\/\",\"url\":\"https:\\\/\\\/data.bz.it\\\/it\\\/soluzioni-digitali\\\/\",\"name\":\"Soluzioni Digitali - DataConsulting\",\"isPartOf\":{\"@id\":\"https:\\\/\\\/data.bz.it\\\/it\\\/#website\"},\"datePublished\":\"2019-07-26T07:55:37+00:00\",\"dateModified\":\"2020-06-02T20:04:26+00:00\",\"breadcrumb\":{\"@id\":\"https:\\\/\\\/data.bz.it\\\/it\\\/soluzioni-digitali\\\/#breadcrumb\"},\"inLanguage\":\"it-IT\",\"potentialAction\":[{\"@type\":\"ReadAction\",\"target\":[\"https:\\\/\\\/data.bz.it\\\/it\\\/soluzioni-digitali\\\/\"]}]},{\"@type\":\"BreadcrumbList\",\"@id\":\"https:\\\/\\\/data.bz.it\\\/it\\\/soluzioni-digitali\\\/#breadcrumb\",\"itemListElement\":[{\"@type\":\"ListItem\",\"position\":1,\"name\":\"Home\",\"item\":\"https:\\\/\\\/data.bz.it\\\/it\\\/\"},{\"@type\":\"ListItem\",\"position\":2,\"name\":\"Soluzioni Digitali\"}]},{\"@type\":\"WebSite\",\"@id\":\"https:\\\/\\\/data.bz.it\\\/it\\\/#website\",\"url\":\"https:\\\/\\\/data.bz.it\\\/it\\\/\",\"name\":\"DataConsulting\",\"description\":\"Un nuovo sito targato WordPress\",\"potentialAction\":[{\"@type\":\"SearchAction\",\"target\":{\"@type\":\"EntryPoint\",\"urlTemplate\":\"https:\\\/\\\/data.bz.it\\\/it\\\/?s={search_term_string}\"},\"query-input\":{\"@type\":\"PropertyValueSpecification\",\"valueRequired\":true,\"valueName\":\"search_term_string\"}}],\"inLanguage\":\"it-IT\"}]}<\/script>\n<!-- \/ Yoast SEO plugin. -->","yoast_head_json":{"title":"Soluzioni Digitali - DataConsulting","robots":{"index":"index","follow":"follow","max-snippet":"max-snippet:-1","max-image-preview":"max-image-preview:large","max-video-preview":"max-video-preview:-1"},"canonical":"https:\/\/data.bz.it\/it\/soluzioni-digitali\/","og_locale":"it_IT","og_type":"article","og_title":"Soluzioni Digitali - DataConsulting","og_url":"https:\/\/data.bz.it\/it\/soluzioni-digitali\/","og_site_name":"DataConsulting","article_modified_time":"2020-06-02T20:04:26+00:00","og_image":[{"width":1600,"height":802,"url":"https:\/\/data.bz.it\/wp-content\/uploads\/2019\/10\/databz-og-1.png","type":"image\/png"}],"twitter_card":"summary_large_image","twitter_misc":{"Tempo di lettura stimato":"1 minuto"},"schema":{"@context":"https:\/\/schema.org","@graph":[{"@type":"WebPage","@id":"https:\/\/data.bz.it\/it\/soluzioni-digitali\/","url":"https:\/\/data.bz.it\/it\/soluzioni-digitali\/","name":"Soluzioni Digitali - DataConsulting","isPartOf":{"@id":"https:\/\/data.bz.it\/it\/#website"},"datePublished":"2019-07-26T07:55:37+00:00","dateModified":"2020-06-02T20:04:26+00:00","breadcrumb":{"@id":"https:\/\/data.bz.it\/it\/soluzioni-digitali\/#breadcrumb"},"inLanguage":"it-IT","potentialAction":[{"@type":"ReadAction","target":["https:\/\/data.bz.it\/it\/soluzioni-digitali\/"]}]},{"@type":"BreadcrumbList","@id":"https:\/\/data.bz.it\/it\/soluzioni-digitali\/#breadcrumb","itemListElement":[{"@type":"ListItem","position":1,"name":"Home","item":"https:\/\/data.bz.it\/it\/"},{"@type":"ListItem","position":2,"name":"Soluzioni Digitali"}]},{"@type":"WebSite","@id":"https:\/\/data.bz.it\/it\/#website","url":"https:\/\/data.bz.it\/it\/","name":"DataConsulting","description":"Un nuovo sito targato WordPress","potentialAction":[{"@type":"SearchAction","target":{"@type":"EntryPoint","urlTemplate":"https:\/\/data.bz.it\/it\/?s={search_term_string}"},"query-input":{"@type":"PropertyValueSpecification","valueRequired":true,"valueName":"search_term_string"}}],"inLanguage":"it-IT"}]}},"_links":{"self":[{"href":"https:\/\/data.bz.it\/it\/wp-json\/wp\/v2\/pages\/22","targetHints":{"allow":["GET"]}}],"collection":[{"href":"https:\/\/data.bz.it\/it\/wp-json\/wp\/v2\/pages"}],"about":[{"href":"https:\/\/data.bz.it\/it\/wp-json\/wp\/v2\/types\/page"}],"author":[{"embeddable":true,"href":"https:\/\/data.bz.it\/it\/wp-json\/wp\/v2\/users\/1"}],"replies":[{"embeddable":true,"href":"https:\/\/data.bz.it\/it\/wp-json\/wp\/v2\/comments?post=22"}],"version-history":[{"count":10,"href":"https:\/\/data.bz.it\/it\/wp-json\/wp\/v2\/pages\/22\/revisions"}],"predecessor-version":[{"id":1238,"href":"https:\/\/data.bz.it\/it\/wp-json\/wp\/v2\/pages\/22\/revisions\/1238"}],"wp:attachment":[{"href":"https:\/\/data.bz.it\/it\/wp-json\/wp\/v2\/media?parent=22"}],"curies":[{"name":"wp","href":"https:\/\/api.w.org\/{rel}","templated":true}]}}