{"id":21,"date":"2019-07-26T09:55:26","date_gmt":"2019-07-26T07:55:26","guid":{"rendered":"http:\/\/dev.sheldon.studio\/data.bz.it?page_id=21"},"modified":"2020-06-02T22:03:16","modified_gmt":"2020-06-02T20:03:16","slug":"payroll-accounting-tax","status":"publish","type":"page","link":"https:\/\/data.bz.it\/it\/payroll-accounting-tax\/","title":{"rendered":"Payroll, Accounting, Tax"},"content":{"rendered":"<section class=\"contains-introduction\">\n    <div class=\"container\">\n        <div class=\"contents\">\n            <\/p>\n<h1>Assistenza amministrativa, economica, fiscale e societaria.<\/h1>\n<p>La nostra missione \u00e8 aiutare le aziende a gestire gli aspetti economici, amministrativi, fiscali e societari della loro attivit\u00e0. Per farlo ci mettiamo a disposizione dei nostri clienti.<\/p>\n<p>Da tempo abbiamo puntato sulla migliore specializzazione dei nostri collaboratori e consulenti, capaci di dare un aiuto ed una soluzione in tutti gli ambiti nei quali operiamo.<\/p>\n<p>\n        <\/div>\n    <\/div>\n<\/section>\n\n<section class=\"contains-contents is-light\">\n    <div class=\"container\">\n        <div class=\"contents\">\n            <\/p>\n<h2>Payroll<\/h2>\n<div class=\"contents-wrapper\">\n    <p>Forte della sua esperienza nel campo, DataConsulting sa bene quanto sia importante una puntuale gestione nell\u2019amministrazione del personale. La corretta elaborazione di paghe e contributi, la gestione delle vertenze sindacali e le altre questioni amministrative che riguardano il Vostro team sono importantissime sia per alleggerire il lavoro dell\u2019imprenditore e per creare un clima sereno all\u2019interno dell\u2019azienda.<\/p>\n<p>Grazie a un consulente dedicato, in costante aggiornamento sui temi del diritto del lavoro, tutti gli adempimenti connessi all\u2019elaborazione delle buste paga e al calcolo dei contributi vengono svolti con efficienza e tempestivit\u00e0.<\/p>\n<p>La trasmissione e l\u2019elaborazione dei dati di ogni adempimento \u00e8 completamente automatizzata e viene gestita con software dedicati.<\/p>\n<p>Tutte le procedure sono certificate secondo i pi\u00f9 alti standard qualitativi.<\/p>\n<p>Tutta l\u2019attivit\u00e0 viene monitorata da vicino.<\/p>\n<p>\n<\/div><br \/>\n\t<a href=\"#cf-modal-CF5d3af0e323c2e69ea93c7648a6\" class=\"caldera-forms-modal\" data-form=\"CF5d3af0e323c2e\" title=\"Click to open the form Contattaci in a modal\"> <\/a><a class=\"button is-red contact-us\" data-contact-form-id=\"CF5d3af0e323c2e\" href=\"#\">Contattaci per una consulenza<\/a><\/p>\n        <\/div>\n    <\/div>\n<\/section>\n\n<section class=\"contains-contents is-dark\">\n    <div class=\"container\">\n        <div class=\"contents\">\n            <\/p>\n<h2>Accounting<\/h2>\n<div class=\"contents-wrapper\">\n    <p>Uno tra gli aspetti fondamentali per la vita di ogni azienda \u00e8 una corretta gestione contabile.<\/p>\n<p>Ma cosa significa Accounting veramente?<\/p>\n<p>Questa definizione riguarda la rilevazione della contabilit\u00e0 generale, gli strumenti di analisi dell\u2019efficienza, della loro efficacia e dell\u2019economicit\u00e0, la determinazione quindi dei risultati della gestione di una azienda.<\/p>\n<p>\u00c9 una funzione amministrativa di vario ordine e grado che sfocia nella redazione del bilancio, importante per la pianificazione ed il controllo di gestione, la progettazione di investimenti o di gestione e previsione dei fabbisogni finanziari.<\/p>\n<p>DataConsulting \u00e8 in grado di risolvere per voi o di aiutarvi in tanti di questi aspetti, attraverso un collaudato sistema informatico che aiuta a mettere a disposizione gran parte dei dati importanti per le valutazioni imprenditoriali della clientela e una squadra di validi Professionisti affiatati, i quali potranno aiutare ad interpretare le informazioni e suggerire al meglio i provvedimenti necessari.<\/p>\n<p>DataConsulting offre anche consulenza tributaria e societaria, attraverso lo studio Podini&amp;Partners, in particolare l\u2019assistenza per gli aspetti connessi al diritto societario e contrattuale e accompagna tutte le problematiche che nascono fin dal sorgere delle iniziative imprenditoriali di una clientela, ancor oggi la pi\u00f9 variegata.<\/p>\n<p>L\u2019esecuzione degli adempimenti societari ordinari e straordinari; la gestione dei rapporti tra soci e organi sociali; la pianificazione di successioni arricchiscono l\u2019offerta di servizi, che si estende al supporto amministrativo dei consigli di amministrazione, alle assemblee dei soci ed ovunque ci venga richiesto.<\/p>\n<p>L\u2019utilizzo di software all\u2019avanguardia consente una gestione automatizzata di molta della documentazione e d\u00e0 al cliente la possibilit\u00e0 di controllare la propria situazione contabile e finanziaria collegandosi anche tramite smartphone.<\/p>\n<p>Oltre alla ordinata tenuta della contabilit\u00e0 e alle consulenze contabili, gli adempimenti Intrastat, la messa a disposizione del cliente di bilanci provvisori, le situazioni clienti\/ fornitori e l\u2019archiviazione interna documenti contabili (su richiesta) sono il nostro pane quotidiano.<\/p>\n<p>\n<\/div><br \/>\n\t<a href=\"#cf-modal-CF5d3af0e323c2e69ea93c769e54\" class=\"caldera-forms-modal\" data-form=\"CF5d3af0e323c2e\" title=\"Click to open the form Contattaci in a modal\"> <\/a><a class=\"button is-red contact-us\" data-contact-form-id=\"CF5d3af0e323c2e\" href=\"#\">Contattaci per una consulenza<\/a><\/p>\n        <\/div>\n    <\/div>\n<\/section>\n\n<section class=\"contains-contents is-light\">\n    <div class=\"container\">\n        <div class=\"contents\">\n            <\/p>\n<h2>Tax<\/h2>\n<div class=\"contents-wrapper\">\n    <p>La gestione di tutti gli obblighi e gli adempimenti fiscali ordinari e straordinari \u00e8 un aspetto di capitale importanza per la conduzione di un\u2019azienda ma anche di molti privati.<\/p>\n<p>Il fisco, a volte, sa essere implacabile, \u00e8 necessaria una particolare competenza specifica per far s\u00ec che tutte le innumerevoli scadenze siano correttamente rispettate.<\/p>\n<p>DataConsulting mette a disposizione della clientela consulenti fiscali attenti a ogni novit\u00e0 del loro specifico settore.<\/p>\n<p>Solleviamo le aziende da tali incombenze e siamo disponibili in qualunque momento, per assicurare un servizio continuo e completo.<\/p>\n<p>Dal pagamento di Iva, Irpef, Ires e Irap fino agli obblighi delle pi\u00f9 diverse dichiarazioni (UNICO, Dichiarazione IVA, Spesometro, Redditometro, IMU, ecc.) DataConsulting pu\u00f2 affiancarvi con competenza e professionalit\u00e0.<\/p>\n<p>Non resta altro che fidarsi di noi in modo sereno.<\/p>\n<p>\n<\/div><br \/>\n\t<a href=\"#cf-modal-CF5d3af0e323c2e69ea93c76c555\" class=\"caldera-forms-modal\" data-form=\"CF5d3af0e323c2e\" title=\"Click to open the form Contattaci in a modal\"> <\/a><a class=\"button is-red contact-us\" data-contact-form-id=\"CF5d3af0e323c2e\" href=\"#\">Contattaci per una consulenza<\/a><\/p>\n        <\/div>\n    <\/div>\n<\/section>\n","protected":false},"excerpt":{"rendered":"","protected":false},"author":1,"featured_media":0,"parent":0,"menu_order":0,"comment_status":"closed","ping_status":"closed","template":"page-templates\/structured.php","meta":{"footnotes":""},"class_list":["post-21","page","type-page","status-publish","hentry"],"yoast_head":"<!-- This site is optimized with the Yoast SEO plugin v27.3 - https:\/\/yoast.com\/product\/yoast-seo-wordpress\/ -->\n<title>Payroll, Accounting, Tax - DataConsulting<\/title>\n<meta name=\"robots\" content=\"index, follow, max-snippet:-1, max-image-preview:large, max-video-preview:-1\" \/>\n<link rel=\"canonical\" href=\"https:\/\/data.bz.it\/it\/payroll-accounting-tax\/\" \/>\n<meta property=\"og:locale\" content=\"it_IT\" \/>\n<meta property=\"og:type\" content=\"article\" \/>\n<meta property=\"og:title\" content=\"Payroll, Accounting, Tax - DataConsulting\" \/>\n<meta property=\"og:url\" content=\"https:\/\/data.bz.it\/it\/payroll-accounting-tax\/\" \/>\n<meta property=\"og:site_name\" content=\"DataConsulting\" \/>\n<meta property=\"article:modified_time\" content=\"2020-06-02T20:03:16+00:00\" \/>\n<meta property=\"og:image\" content=\"https:\/\/data.bz.it\/wp-content\/uploads\/2019\/10\/databz-og-1.png\" \/>\n\t<meta property=\"og:image:width\" content=\"1600\" \/>\n\t<meta property=\"og:image:height\" content=\"802\" \/>\n\t<meta property=\"og:image:type\" content=\"image\/png\" \/>\n<meta name=\"twitter:card\" content=\"summary_large_image\" \/>\n<meta name=\"twitter:label1\" content=\"Tempo di lettura stimato\" \/>\n\t<meta name=\"twitter:data1\" content=\"3 minuti\" \/>\n<script type=\"application\/ld+json\" class=\"yoast-schema-graph\">{\"@context\":\"https:\\\/\\\/schema.org\",\"@graph\":[{\"@type\":\"WebPage\",\"@id\":\"https:\\\/\\\/data.bz.it\\\/it\\\/payroll-accounting-tax\\\/\",\"url\":\"https:\\\/\\\/data.bz.it\\\/it\\\/payroll-accounting-tax\\\/\",\"name\":\"Payroll, Accounting, Tax - DataConsulting\",\"isPartOf\":{\"@id\":\"https:\\\/\\\/data.bz.it\\\/it\\\/#website\"},\"datePublished\":\"2019-07-26T07:55:26+00:00\",\"dateModified\":\"2020-06-02T20:03:16+00:00\",\"breadcrumb\":{\"@id\":\"https:\\\/\\\/data.bz.it\\\/it\\\/payroll-accounting-tax\\\/#breadcrumb\"},\"inLanguage\":\"it-IT\",\"potentialAction\":[{\"@type\":\"ReadAction\",\"target\":[\"https:\\\/\\\/data.bz.it\\\/it\\\/payroll-accounting-tax\\\/\"]}]},{\"@type\":\"BreadcrumbList\",\"@id\":\"https:\\\/\\\/data.bz.it\\\/it\\\/payroll-accounting-tax\\\/#breadcrumb\",\"itemListElement\":[{\"@type\":\"ListItem\",\"position\":1,\"name\":\"Home\",\"item\":\"https:\\\/\\\/data.bz.it\\\/it\\\/\"},{\"@type\":\"ListItem\",\"position\":2,\"name\":\"Payroll, Accounting, Tax\"}]},{\"@type\":\"WebSite\",\"@id\":\"https:\\\/\\\/data.bz.it\\\/it\\\/#website\",\"url\":\"https:\\\/\\\/data.bz.it\\\/it\\\/\",\"name\":\"DataConsulting\",\"description\":\"Un nuovo sito targato WordPress\",\"potentialAction\":[{\"@type\":\"SearchAction\",\"target\":{\"@type\":\"EntryPoint\",\"urlTemplate\":\"https:\\\/\\\/data.bz.it\\\/it\\\/?s={search_term_string}\"},\"query-input\":{\"@type\":\"PropertyValueSpecification\",\"valueRequired\":true,\"valueName\":\"search_term_string\"}}],\"inLanguage\":\"it-IT\"}]}<\/script>\n<!-- \/ Yoast SEO plugin. -->","yoast_head_json":{"title":"Payroll, Accounting, Tax - DataConsulting","robots":{"index":"index","follow":"follow","max-snippet":"max-snippet:-1","max-image-preview":"max-image-preview:large","max-video-preview":"max-video-preview:-1"},"canonical":"https:\/\/data.bz.it\/it\/payroll-accounting-tax\/","og_locale":"it_IT","og_type":"article","og_title":"Payroll, Accounting, Tax - DataConsulting","og_url":"https:\/\/data.bz.it\/it\/payroll-accounting-tax\/","og_site_name":"DataConsulting","article_modified_time":"2020-06-02T20:03:16+00:00","og_image":[{"width":1600,"height":802,"url":"https:\/\/data.bz.it\/wp-content\/uploads\/2019\/10\/databz-og-1.png","type":"image\/png"}],"twitter_card":"summary_large_image","twitter_misc":{"Tempo di lettura stimato":"3 minuti"},"schema":{"@context":"https:\/\/schema.org","@graph":[{"@type":"WebPage","@id":"https:\/\/data.bz.it\/it\/payroll-accounting-tax\/","url":"https:\/\/data.bz.it\/it\/payroll-accounting-tax\/","name":"Payroll, Accounting, Tax - DataConsulting","isPartOf":{"@id":"https:\/\/data.bz.it\/it\/#website"},"datePublished":"2019-07-26T07:55:26+00:00","dateModified":"2020-06-02T20:03:16+00:00","breadcrumb":{"@id":"https:\/\/data.bz.it\/it\/payroll-accounting-tax\/#breadcrumb"},"inLanguage":"it-IT","potentialAction":[{"@type":"ReadAction","target":["https:\/\/data.bz.it\/it\/payroll-accounting-tax\/"]}]},{"@type":"BreadcrumbList","@id":"https:\/\/data.bz.it\/it\/payroll-accounting-tax\/#breadcrumb","itemListElement":[{"@type":"ListItem","position":1,"name":"Home","item":"https:\/\/data.bz.it\/it\/"},{"@type":"ListItem","position":2,"name":"Payroll, Accounting, Tax"}]},{"@type":"WebSite","@id":"https:\/\/data.bz.it\/it\/#website","url":"https:\/\/data.bz.it\/it\/","name":"DataConsulting","description":"Un nuovo sito targato WordPress","potentialAction":[{"@type":"SearchAction","target":{"@type":"EntryPoint","urlTemplate":"https:\/\/data.bz.it\/it\/?s={search_term_string}"},"query-input":{"@type":"PropertyValueSpecification","valueRequired":true,"valueName":"search_term_string"}}],"inLanguage":"it-IT"}]}},"_links":{"self":[{"href":"https:\/\/data.bz.it\/it\/wp-json\/wp\/v2\/pages\/21","targetHints":{"allow":["GET"]}}],"collection":[{"href":"https:\/\/data.bz.it\/it\/wp-json\/wp\/v2\/pages"}],"about":[{"href":"https:\/\/data.bz.it\/it\/wp-json\/wp\/v2\/types\/page"}],"author":[{"embeddable":true,"href":"https:\/\/data.bz.it\/it\/wp-json\/wp\/v2\/users\/1"}],"replies":[{"embeddable":true,"href":"https:\/\/data.bz.it\/it\/wp-json\/wp\/v2\/comments?post=21"}],"version-history":[{"count":15,"href":"https:\/\/data.bz.it\/it\/wp-json\/wp\/v2\/pages\/21\/revisions"}],"predecessor-version":[{"id":1234,"href":"https:\/\/data.bz.it\/it\/wp-json\/wp\/v2\/pages\/21\/revisions\/1234"}],"wp:attachment":[{"href":"https:\/\/data.bz.it\/it\/wp-json\/wp\/v2\/media?parent=21"}],"curies":[{"name":"wp","href":"https:\/\/api.w.org\/{rel}","templated":true}]}}