{"id":90,"date":"2019-07-26T12:08:38","date_gmt":"2019-07-26T10:08:38","guid":{"rendered":"http:\/\/dev.sheldon.studio\/data.bz.it?page_id=90"},"modified":"2020-06-02T22:04:04","modified_gmt":"2020-06-02T20:04:04","slug":"datenschutzrichtlinien","status":"publish","type":"page","link":"https:\/\/data.bz.it\/de\/datenschutzrichtlinien\/","title":{"rendered":"Datenschutzrichtlinien"},"content":{"rendered":"<section class=\"contains-introduction\">\n    <div class=\"container\">\n        <div class=\"contents\">\n            <\/p>\n<h1>Datenschutzrichtlinien.<\/h1>\n<p>Die Datenschutzgrundverordnung der Europ\u00e4ischen Union (DSGVO) enth\u00e4lt neue Verpflichtungen, hat aber auch positive Auswirkungen.<\/p>\n<p>Datenschutz erfordert anf\u00e4nglich eine Investition, bringt aber nicht nur Vorteile hinsichtlich der genaueren Einhaltung der Bestimmungen und Verhinderung von Verst\u00f6\u00dfen, sondern auch im Hinblick auf den Wettbewerb.<\/p>\n<p>Die Frist f\u00fcr die Anpassung, der 25. Mai 2018, ist mittlerweile abgelaufen und die Unternehmen m\u00fcssen den Anspr\u00fcchen der DSGVO unbedingt gerecht werden. Sie m\u00fcssen auf nachhaltige Verbesserungen achten, um gesch\u00e4ftliche Chancen ausfindig zu machen, indem sie einen proaktiven Ansatz in Bezug auf Datenschutz und Cybersicherheit w\u00e4hlen.<\/p>\n<p>Es gilt vorbereitet zu sein! Die Strafen f\u00fcr diejenigen, die die neuen Datenschutzbestimmungen nicht einhalten, k\u00f6nnen bis zu 20 Millionen Euro oder 4% des Jahresumsatzes betragen.<\/p>\n<a href=\"#cf-modal-CF5ed027ff44dd769e4a6c3acf04\" class=\"caldera-forms-modal\" data-form=\"CF5ed027ff44dd7\" title=\"Click to open the form Kontaktiere uns in a modal\"> <\/a><a class=\"button is-red contact-us\" data-contact-form-id=\"CF5ed027ff44dd7\" href=\"#\">Kontaktieren Sie uns f\u00fcr eine Beratung<\/a>\n        <\/div>\n    <\/div>\n<\/section>\n","protected":false},"excerpt":{"rendered":"","protected":false},"author":1,"featured_media":0,"parent":0,"menu_order":0,"comment_status":"closed","ping_status":"closed","template":"page-templates\/structured.php","meta":{"footnotes":""},"class_list":["post-90","page","type-page","status-publish","hentry"],"yoast_head":"<!-- This site is optimized with the Yoast SEO plugin v27.3 - https:\/\/yoast.com\/product\/yoast-seo-wordpress\/ -->\n<title>Datenschutzrichtlinien - DataConsulting<\/title>\n<meta name=\"robots\" content=\"index, follow, max-snippet:-1, max-image-preview:large, max-video-preview:-1\" \/>\n<link rel=\"canonical\" href=\"https:\/\/data.bz.it\/de\/datenschutzrichtlinien\/\" \/>\n<meta property=\"og:locale\" content=\"de_DE\" \/>\n<meta property=\"og:type\" content=\"article\" \/>\n<meta property=\"og:title\" content=\"Datenschutzrichtlinien - DataConsulting\" \/>\n<meta property=\"og:url\" content=\"https:\/\/data.bz.it\/de\/datenschutzrichtlinien\/\" \/>\n<meta property=\"og:site_name\" content=\"DataConsulting\" \/>\n<meta property=\"article:modified_time\" content=\"2020-06-02T20:04:04+00:00\" \/>\n<meta property=\"og:image\" content=\"https:\/\/data.bz.it\/wp-content\/uploads\/2019\/10\/databz-og-1.png\" \/>\n\t<meta property=\"og:image:width\" content=\"1600\" \/>\n\t<meta property=\"og:image:height\" content=\"802\" \/>\n\t<meta property=\"og:image:type\" content=\"image\/png\" \/>\n<meta name=\"twitter:card\" content=\"summary_large_image\" \/>\n<meta name=\"twitter:label1\" content=\"Est. reading time\" \/>\n\t<meta name=\"twitter:data1\" content=\"1 minute\" \/>\n<script type=\"application\/ld+json\" class=\"yoast-schema-graph\">{\"@context\":\"https:\\\/\\\/schema.org\",\"@graph\":[{\"@type\":\"WebPage\",\"@id\":\"https:\\\/\\\/data.bz.it\\\/de\\\/datenschutzrichtlinien\\\/\",\"url\":\"https:\\\/\\\/data.bz.it\\\/de\\\/datenschutzrichtlinien\\\/\",\"name\":\"Datenschutzrichtlinien - DataConsulting\",\"isPartOf\":{\"@id\":\"https:\\\/\\\/data.bz.it\\\/it\\\/#website\"},\"datePublished\":\"2019-07-26T10:08:38+00:00\",\"dateModified\":\"2020-06-02T20:04:04+00:00\",\"breadcrumb\":{\"@id\":\"https:\\\/\\\/data.bz.it\\\/de\\\/datenschutzrichtlinien\\\/#breadcrumb\"},\"inLanguage\":\"de-DE\",\"potentialAction\":[{\"@type\":\"ReadAction\",\"target\":[\"https:\\\/\\\/data.bz.it\\\/de\\\/datenschutzrichtlinien\\\/\"]}]},{\"@type\":\"BreadcrumbList\",\"@id\":\"https:\\\/\\\/data.bz.it\\\/de\\\/datenschutzrichtlinien\\\/#breadcrumb\",\"itemListElement\":[{\"@type\":\"ListItem\",\"position\":1,\"name\":\"Home\",\"item\":\"https:\\\/\\\/data.bz.it\\\/de\\\/\"},{\"@type\":\"ListItem\",\"position\":2,\"name\":\"Datenschutzrichtlinien\"}]},{\"@type\":\"WebSite\",\"@id\":\"https:\\\/\\\/data.bz.it\\\/it\\\/#website\",\"url\":\"https:\\\/\\\/data.bz.it\\\/it\\\/\",\"name\":\"DataConsulting\",\"description\":\"Un nuovo sito targato WordPress\",\"potentialAction\":[{\"@type\":\"SearchAction\",\"target\":{\"@type\":\"EntryPoint\",\"urlTemplate\":\"https:\\\/\\\/data.bz.it\\\/it\\\/?s={search_term_string}\"},\"query-input\":{\"@type\":\"PropertyValueSpecification\",\"valueRequired\":true,\"valueName\":\"search_term_string\"}}],\"inLanguage\":\"de-DE\"}]}<\/script>\n<!-- \/ Yoast SEO plugin. -->","yoast_head_json":{"title":"Datenschutzrichtlinien - DataConsulting","robots":{"index":"index","follow":"follow","max-snippet":"max-snippet:-1","max-image-preview":"max-image-preview:large","max-video-preview":"max-video-preview:-1"},"canonical":"https:\/\/data.bz.it\/de\/datenschutzrichtlinien\/","og_locale":"de_DE","og_type":"article","og_title":"Datenschutzrichtlinien - DataConsulting","og_url":"https:\/\/data.bz.it\/de\/datenschutzrichtlinien\/","og_site_name":"DataConsulting","article_modified_time":"2020-06-02T20:04:04+00:00","og_image":[{"width":1600,"height":802,"url":"https:\/\/data.bz.it\/wp-content\/uploads\/2019\/10\/databz-og-1.png","type":"image\/png"}],"twitter_card":"summary_large_image","twitter_misc":{"Est. reading time":"1 minute"},"schema":{"@context":"https:\/\/schema.org","@graph":[{"@type":"WebPage","@id":"https:\/\/data.bz.it\/de\/datenschutzrichtlinien\/","url":"https:\/\/data.bz.it\/de\/datenschutzrichtlinien\/","name":"Datenschutzrichtlinien - DataConsulting","isPartOf":{"@id":"https:\/\/data.bz.it\/it\/#website"},"datePublished":"2019-07-26T10:08:38+00:00","dateModified":"2020-06-02T20:04:04+00:00","breadcrumb":{"@id":"https:\/\/data.bz.it\/de\/datenschutzrichtlinien\/#breadcrumb"},"inLanguage":"de-DE","potentialAction":[{"@type":"ReadAction","target":["https:\/\/data.bz.it\/de\/datenschutzrichtlinien\/"]}]},{"@type":"BreadcrumbList","@id":"https:\/\/data.bz.it\/de\/datenschutzrichtlinien\/#breadcrumb","itemListElement":[{"@type":"ListItem","position":1,"name":"Home","item":"https:\/\/data.bz.it\/de\/"},{"@type":"ListItem","position":2,"name":"Datenschutzrichtlinien"}]},{"@type":"WebSite","@id":"https:\/\/data.bz.it\/it\/#website","url":"https:\/\/data.bz.it\/it\/","name":"DataConsulting","description":"Un nuovo sito targato WordPress","potentialAction":[{"@type":"SearchAction","target":{"@type":"EntryPoint","urlTemplate":"https:\/\/data.bz.it\/it\/?s={search_term_string}"},"query-input":{"@type":"PropertyValueSpecification","valueRequired":true,"valueName":"search_term_string"}}],"inLanguage":"de-DE"}]}},"_links":{"self":[{"href":"https:\/\/data.bz.it\/de\/wp-json\/wp\/v2\/pages\/90","targetHints":{"allow":["GET"]}}],"collection":[{"href":"https:\/\/data.bz.it\/de\/wp-json\/wp\/v2\/pages"}],"about":[{"href":"https:\/\/data.bz.it\/de\/wp-json\/wp\/v2\/types\/page"}],"author":[{"embeddable":true,"href":"https:\/\/data.bz.it\/de\/wp-json\/wp\/v2\/users\/1"}],"replies":[{"embeddable":true,"href":"https:\/\/data.bz.it\/de\/wp-json\/wp\/v2\/comments?post=90"}],"version-history":[{"count":7,"href":"https:\/\/data.bz.it\/de\/wp-json\/wp\/v2\/pages\/90\/revisions"}],"predecessor-version":[{"id":1237,"href":"https:\/\/data.bz.it\/de\/wp-json\/wp\/v2\/pages\/90\/revisions\/1237"}],"wp:attachment":[{"href":"https:\/\/data.bz.it\/de\/wp-json\/wp\/v2\/media?parent=90"}],"curies":[{"name":"wp","href":"https:\/\/api.w.org\/{rel}","templated":true}]}}