{"id":66,"date":"2019-07-26T10:05:28","date_gmt":"2019-07-26T08:05:28","guid":{"rendered":"http:\/\/dev.sheldon.studio\/data.bz.it?page_id=66"},"modified":"2020-06-02T22:00:07","modified_gmt":"2020-06-02T20:00:07","slug":"ueber-uns","status":"publish","type":"page","link":"https:\/\/data.bz.it\/de\/ueber-uns\/","title":{"rendered":"\u00dcber uns"},"content":{"rendered":"<section class=\"contains-introduction\">\n    <div class=\"container\">\n        <div class=\"contents\">\n            <\/p>\n<h1>DataConsulting: Spezialisten im Dienste Ihres Unternehmens.<\/h1>\n<p>DataConsulting bietet Beratungsdienstleistungen f\u00fcr Unternehmen jeder Art und Gr\u00f6\u00dfe. Zusammen werden alle komplexen Auflagen der Unternehmensf\u00fchrung in wirtschaftlicher, administrativer und steuerrechtlicher Hinsicht bew\u00e4ltigt.<\/p>\n<p>Mit ihrer \u00fcber 50-j\u00e4hrigen Erfahrung ist DataConsulting in der Lage sich auf Marktver\u00e4nderungen einzustellen, um auf die Anforderungen der Kunden schnell und pr\u00e4zise reagieren zu k\u00f6nnen.<\/p>\n<p>In den B\u00fcros von Bozen und Bruneck arbeiten mehr als 50 Mitarbeiter und erfahrene Berater. Alle sind hochqualifiziert f\u00fcr die Dienstleistungen, die DataConsulting den Kunden bietet. Dank ihrer Expertise ist DataConsulting der ideale Begleiter aller Unternehmer auf ihrem Weg zum Erfolg.<\/p>\n<a href=\"#cf-modal-CF5ed027ff44dd769e5fbd194152\" class=\"caldera-forms-modal\" data-form=\"CF5ed027ff44dd7\" title=\"Click to open the form Kontaktiere uns in a modal\"> <\/a><a class=\"button is-red contact-us\" data-contact-form-id=\"CF5ed027ff44dd7\" href=\"#\">Kontaktieren Sie uns f\u00fcr eine Beratung<\/a>\n        <\/div>\n    <\/div>\n<\/section>\n","protected":false},"excerpt":{"rendered":"","protected":false},"author":1,"featured_media":0,"parent":0,"menu_order":0,"comment_status":"closed","ping_status":"closed","template":"page-templates\/structured.php","meta":{"footnotes":""},"class_list":["post-66","page","type-page","status-publish","hentry"],"yoast_head":"<!-- This site is optimized with the Yoast SEO plugin v27.3 - https:\/\/yoast.com\/product\/yoast-seo-wordpress\/ -->\n<title>\u00dcber uns - DataConsulting<\/title>\n<meta name=\"robots\" content=\"index, follow, max-snippet:-1, max-image-preview:large, max-video-preview:-1\" \/>\n<link rel=\"canonical\" href=\"https:\/\/data.bz.it\/de\/ueber-uns\/\" \/>\n<meta property=\"og:locale\" content=\"de_DE\" \/>\n<meta property=\"og:type\" content=\"article\" \/>\n<meta property=\"og:title\" content=\"\u00dcber uns - DataConsulting\" \/>\n<meta property=\"og:url\" content=\"https:\/\/data.bz.it\/de\/ueber-uns\/\" \/>\n<meta property=\"og:site_name\" content=\"DataConsulting\" \/>\n<meta property=\"article:modified_time\" content=\"2020-06-02T20:00:07+00:00\" \/>\n<meta property=\"og:image\" content=\"https:\/\/data.bz.it\/wp-content\/uploads\/2019\/10\/databz-og-1.png\" \/>\n\t<meta property=\"og:image:width\" content=\"1600\" \/>\n\t<meta property=\"og:image:height\" content=\"802\" \/>\n\t<meta property=\"og:image:type\" content=\"image\/png\" \/>\n<meta name=\"twitter:card\" content=\"summary_large_image\" \/>\n<meta name=\"twitter:label1\" content=\"Est. reading time\" \/>\n\t<meta name=\"twitter:data1\" content=\"1 minute\" \/>\n<script type=\"application\/ld+json\" class=\"yoast-schema-graph\">{\"@context\":\"https:\\\/\\\/schema.org\",\"@graph\":[{\"@type\":\"WebPage\",\"@id\":\"https:\\\/\\\/data.bz.it\\\/de\\\/ueber-uns\\\/\",\"url\":\"https:\\\/\\\/data.bz.it\\\/de\\\/ueber-uns\\\/\",\"name\":\"\u00dcber uns - DataConsulting\",\"isPartOf\":{\"@id\":\"https:\\\/\\\/data.bz.it\\\/it\\\/#website\"},\"datePublished\":\"2019-07-26T08:05:28+00:00\",\"dateModified\":\"2020-06-02T20:00:07+00:00\",\"breadcrumb\":{\"@id\":\"https:\\\/\\\/data.bz.it\\\/de\\\/ueber-uns\\\/#breadcrumb\"},\"inLanguage\":\"de-DE\",\"potentialAction\":[{\"@type\":\"ReadAction\",\"target\":[\"https:\\\/\\\/data.bz.it\\\/de\\\/ueber-uns\\\/\"]}]},{\"@type\":\"BreadcrumbList\",\"@id\":\"https:\\\/\\\/data.bz.it\\\/de\\\/ueber-uns\\\/#breadcrumb\",\"itemListElement\":[{\"@type\":\"ListItem\",\"position\":1,\"name\":\"Home\",\"item\":\"https:\\\/\\\/data.bz.it\\\/de\\\/\"},{\"@type\":\"ListItem\",\"position\":2,\"name\":\"\u00dcber uns\"}]},{\"@type\":\"WebSite\",\"@id\":\"https:\\\/\\\/data.bz.it\\\/it\\\/#website\",\"url\":\"https:\\\/\\\/data.bz.it\\\/it\\\/\",\"name\":\"DataConsulting\",\"description\":\"Un nuovo sito targato WordPress\",\"potentialAction\":[{\"@type\":\"SearchAction\",\"target\":{\"@type\":\"EntryPoint\",\"urlTemplate\":\"https:\\\/\\\/data.bz.it\\\/it\\\/?s={search_term_string}\"},\"query-input\":{\"@type\":\"PropertyValueSpecification\",\"valueRequired\":true,\"valueName\":\"search_term_string\"}}],\"inLanguage\":\"de-DE\"}]}<\/script>\n<!-- \/ Yoast SEO plugin. -->","yoast_head_json":{"title":"\u00dcber uns - DataConsulting","robots":{"index":"index","follow":"follow","max-snippet":"max-snippet:-1","max-image-preview":"max-image-preview:large","max-video-preview":"max-video-preview:-1"},"canonical":"https:\/\/data.bz.it\/de\/ueber-uns\/","og_locale":"de_DE","og_type":"article","og_title":"\u00dcber uns - DataConsulting","og_url":"https:\/\/data.bz.it\/de\/ueber-uns\/","og_site_name":"DataConsulting","article_modified_time":"2020-06-02T20:00:07+00:00","og_image":[{"width":1600,"height":802,"url":"https:\/\/data.bz.it\/wp-content\/uploads\/2019\/10\/databz-og-1.png","type":"image\/png"}],"twitter_card":"summary_large_image","twitter_misc":{"Est. reading time":"1 minute"},"schema":{"@context":"https:\/\/schema.org","@graph":[{"@type":"WebPage","@id":"https:\/\/data.bz.it\/de\/ueber-uns\/","url":"https:\/\/data.bz.it\/de\/ueber-uns\/","name":"\u00dcber uns - DataConsulting","isPartOf":{"@id":"https:\/\/data.bz.it\/it\/#website"},"datePublished":"2019-07-26T08:05:28+00:00","dateModified":"2020-06-02T20:00:07+00:00","breadcrumb":{"@id":"https:\/\/data.bz.it\/de\/ueber-uns\/#breadcrumb"},"inLanguage":"de-DE","potentialAction":[{"@type":"ReadAction","target":["https:\/\/data.bz.it\/de\/ueber-uns\/"]}]},{"@type":"BreadcrumbList","@id":"https:\/\/data.bz.it\/de\/ueber-uns\/#breadcrumb","itemListElement":[{"@type":"ListItem","position":1,"name":"Home","item":"https:\/\/data.bz.it\/de\/"},{"@type":"ListItem","position":2,"name":"\u00dcber uns"}]},{"@type":"WebSite","@id":"https:\/\/data.bz.it\/it\/#website","url":"https:\/\/data.bz.it\/it\/","name":"DataConsulting","description":"Un nuovo sito targato WordPress","potentialAction":[{"@type":"SearchAction","target":{"@type":"EntryPoint","urlTemplate":"https:\/\/data.bz.it\/it\/?s={search_term_string}"},"query-input":{"@type":"PropertyValueSpecification","valueRequired":true,"valueName":"search_term_string"}}],"inLanguage":"de-DE"}]}},"_links":{"self":[{"href":"https:\/\/data.bz.it\/de\/wp-json\/wp\/v2\/pages\/66","targetHints":{"allow":["GET"]}}],"collection":[{"href":"https:\/\/data.bz.it\/de\/wp-json\/wp\/v2\/pages"}],"about":[{"href":"https:\/\/data.bz.it\/de\/wp-json\/wp\/v2\/types\/page"}],"author":[{"embeddable":true,"href":"https:\/\/data.bz.it\/de\/wp-json\/wp\/v2\/users\/1"}],"replies":[{"embeddable":true,"href":"https:\/\/data.bz.it\/de\/wp-json\/wp\/v2\/comments?post=66"}],"version-history":[{"count":6,"href":"https:\/\/data.bz.it\/de\/wp-json\/wp\/v2\/pages\/66\/revisions"}],"predecessor-version":[{"id":1229,"href":"https:\/\/data.bz.it\/de\/wp-json\/wp\/v2\/pages\/66\/revisions\/1229"}],"wp:attachment":[{"href":"https:\/\/data.bz.it\/de\/wp-json\/wp\/v2\/media?parent=66"}],"curies":[{"name":"wp","href":"https:\/\/api.w.org\/{rel}","templated":true}]}}