{"id":62,"date":"2019-07-26T10:04:30","date_gmt":"2019-07-26T08:04:30","guid":{"rendered":"http:\/\/dev.sheldon.studio\/data.bz.it?page_id=62"},"modified":"2020-06-02T22:04:37","modified_gmt":"2020-06-02T20:04:37","slug":"digitale-loesungen","status":"publish","type":"page","link":"https:\/\/data.bz.it\/de\/digitale-loesungen\/","title":{"rendered":"Digitale L\u00f6sungen"},"content":{"rendered":"<section class=\"contains-introduction\">\n    <div class=\"container\">\n        <div class=\"contents\">\n            <\/p>\n<h1>Digitale L\u00f6sungen.<\/h1>\n<p>Wenn Sie Inhaber eines Studios oder Unternehmens sind, wissen Sie wie komplex die t\u00e4gliche Verwaltung und \u00dcberwachung des Gesch\u00e4ftsverlaufs und der Leistung in Echtzeit werden k\u00f6nnen. Sie wissen auch welchen Aufwand es bedeutet, Daten und Dokumente gemeinsam nutzen und auf sichere und zuverl\u00e4ssige Weise Informationen aus der Buchhaltung abrufen zu k\u00f6nnen. Gest\u00e4rkt durch eine konsolidierte Erfahrung in der Unternehmensberatung, kann Data Consulting Sie bei der Auswahl der perfekten digitalen L\u00f6sung f\u00fcr Ihren Gesch\u00e4ftsbereich unterst\u00fctzen. Wir setzen dabei mit vollster Zufriedenheit auf Software der Teamsystem AG.<\/p>\n<p>Teamsystem programmiert fortschrittliche und diversifizierte Softwareprodukte, die in der Lage sind, auf einfache und sichere Weise kritische Aspekte und Abl\u00e4ufe zu l\u00f6sen bzw. zu steuern, wie etwa den Datenaustausch oder die Kontrolle der Leistung einer Gesch\u00e4ftst\u00e4tigkeit. Erstellen Sie Rechnungen und Kostenvoranschl\u00e4ge auf \u00fcbersichtliche und sichere Weise oder verwalten Sie die gesamte Buchhaltung v\u00f6llig autonom, einfach und intuitiv.<\/p>\n<p>Vertrauen Sie unserer Erfahrung und lassen Sie sich bei der Auswahl der richtigen Tools f\u00fcr die Verwaltung des Tagesgesch\u00e4fts in Ihrem Unternehmen beraten.<\/p>\n<a href=\"#cf-modal-CF5ed027ff44dd769e888063e041\" class=\"caldera-forms-modal\" data-form=\"CF5ed027ff44dd7\" title=\"Click to open the form Kontaktiere uns in a modal\"> <\/a><a class=\"button is-red contact-us\" data-contact-form-id=\"CF5ed027ff44dd7\" href=\"#\">Kontaktieren Sie uns f\u00fcr eine Beratung<\/a>\n        <\/div>\n    <\/div>\n<\/section>\n","protected":false},"excerpt":{"rendered":"","protected":false},"author":1,"featured_media":0,"parent":0,"menu_order":0,"comment_status":"closed","ping_status":"closed","template":"page-templates\/structured.php","meta":{"footnotes":""},"class_list":["post-62","page","type-page","status-publish","hentry"],"yoast_head":"<!-- This site is optimized with the Yoast SEO plugin v27.3 - https:\/\/yoast.com\/product\/yoast-seo-wordpress\/ -->\n<title>Digitale L\u00f6sungen - DataConsulting<\/title>\n<meta name=\"robots\" content=\"index, follow, max-snippet:-1, max-image-preview:large, max-video-preview:-1\" \/>\n<link rel=\"canonical\" href=\"https:\/\/data.bz.it\/de\/digitale-loesungen\/\" \/>\n<meta property=\"og:locale\" content=\"de_DE\" \/>\n<meta property=\"og:type\" content=\"article\" \/>\n<meta property=\"og:title\" content=\"Digitale L\u00f6sungen - DataConsulting\" \/>\n<meta property=\"og:url\" content=\"https:\/\/data.bz.it\/de\/digitale-loesungen\/\" \/>\n<meta property=\"og:site_name\" content=\"DataConsulting\" \/>\n<meta property=\"article:modified_time\" content=\"2020-06-02T20:04:37+00:00\" \/>\n<meta property=\"og:image\" content=\"https:\/\/data.bz.it\/wp-content\/uploads\/2019\/10\/databz-og-1.png\" \/>\n\t<meta property=\"og:image:width\" content=\"1600\" \/>\n\t<meta property=\"og:image:height\" content=\"802\" \/>\n\t<meta property=\"og:image:type\" content=\"image\/png\" \/>\n<meta name=\"twitter:card\" content=\"summary_large_image\" \/>\n<meta name=\"twitter:label1\" content=\"Est. reading time\" \/>\n\t<meta name=\"twitter:data1\" content=\"1 minute\" \/>\n<script type=\"application\/ld+json\" class=\"yoast-schema-graph\">{\"@context\":\"https:\\\/\\\/schema.org\",\"@graph\":[{\"@type\":\"WebPage\",\"@id\":\"https:\\\/\\\/data.bz.it\\\/de\\\/digitale-loesungen\\\/\",\"url\":\"https:\\\/\\\/data.bz.it\\\/de\\\/digitale-loesungen\\\/\",\"name\":\"Digitale L\u00f6sungen - DataConsulting\",\"isPartOf\":{\"@id\":\"https:\\\/\\\/data.bz.it\\\/it\\\/#website\"},\"datePublished\":\"2019-07-26T08:04:30+00:00\",\"dateModified\":\"2020-06-02T20:04:37+00:00\",\"breadcrumb\":{\"@id\":\"https:\\\/\\\/data.bz.it\\\/de\\\/digitale-loesungen\\\/#breadcrumb\"},\"inLanguage\":\"de-DE\",\"potentialAction\":[{\"@type\":\"ReadAction\",\"target\":[\"https:\\\/\\\/data.bz.it\\\/de\\\/digitale-loesungen\\\/\"]}]},{\"@type\":\"BreadcrumbList\",\"@id\":\"https:\\\/\\\/data.bz.it\\\/de\\\/digitale-loesungen\\\/#breadcrumb\",\"itemListElement\":[{\"@type\":\"ListItem\",\"position\":1,\"name\":\"Home\",\"item\":\"https:\\\/\\\/data.bz.it\\\/de\\\/\"},{\"@type\":\"ListItem\",\"position\":2,\"name\":\"Digitale L\u00f6sungen\"}]},{\"@type\":\"WebSite\",\"@id\":\"https:\\\/\\\/data.bz.it\\\/it\\\/#website\",\"url\":\"https:\\\/\\\/data.bz.it\\\/it\\\/\",\"name\":\"DataConsulting\",\"description\":\"Un nuovo sito targato WordPress\",\"potentialAction\":[{\"@type\":\"SearchAction\",\"target\":{\"@type\":\"EntryPoint\",\"urlTemplate\":\"https:\\\/\\\/data.bz.it\\\/it\\\/?s={search_term_string}\"},\"query-input\":{\"@type\":\"PropertyValueSpecification\",\"valueRequired\":true,\"valueName\":\"search_term_string\"}}],\"inLanguage\":\"de-DE\"}]}<\/script>\n<!-- \/ Yoast SEO plugin. -->","yoast_head_json":{"title":"Digitale L\u00f6sungen - DataConsulting","robots":{"index":"index","follow":"follow","max-snippet":"max-snippet:-1","max-image-preview":"max-image-preview:large","max-video-preview":"max-video-preview:-1"},"canonical":"https:\/\/data.bz.it\/de\/digitale-loesungen\/","og_locale":"de_DE","og_type":"article","og_title":"Digitale L\u00f6sungen - DataConsulting","og_url":"https:\/\/data.bz.it\/de\/digitale-loesungen\/","og_site_name":"DataConsulting","article_modified_time":"2020-06-02T20:04:37+00:00","og_image":[{"width":1600,"height":802,"url":"https:\/\/data.bz.it\/wp-content\/uploads\/2019\/10\/databz-og-1.png","type":"image\/png"}],"twitter_card":"summary_large_image","twitter_misc":{"Est. reading time":"1 minute"},"schema":{"@context":"https:\/\/schema.org","@graph":[{"@type":"WebPage","@id":"https:\/\/data.bz.it\/de\/digitale-loesungen\/","url":"https:\/\/data.bz.it\/de\/digitale-loesungen\/","name":"Digitale L\u00f6sungen - DataConsulting","isPartOf":{"@id":"https:\/\/data.bz.it\/it\/#website"},"datePublished":"2019-07-26T08:04:30+00:00","dateModified":"2020-06-02T20:04:37+00:00","breadcrumb":{"@id":"https:\/\/data.bz.it\/de\/digitale-loesungen\/#breadcrumb"},"inLanguage":"de-DE","potentialAction":[{"@type":"ReadAction","target":["https:\/\/data.bz.it\/de\/digitale-loesungen\/"]}]},{"@type":"BreadcrumbList","@id":"https:\/\/data.bz.it\/de\/digitale-loesungen\/#breadcrumb","itemListElement":[{"@type":"ListItem","position":1,"name":"Home","item":"https:\/\/data.bz.it\/de\/"},{"@type":"ListItem","position":2,"name":"Digitale L\u00f6sungen"}]},{"@type":"WebSite","@id":"https:\/\/data.bz.it\/it\/#website","url":"https:\/\/data.bz.it\/it\/","name":"DataConsulting","description":"Un nuovo sito targato WordPress","potentialAction":[{"@type":"SearchAction","target":{"@type":"EntryPoint","urlTemplate":"https:\/\/data.bz.it\/it\/?s={search_term_string}"},"query-input":{"@type":"PropertyValueSpecification","valueRequired":true,"valueName":"search_term_string"}}],"inLanguage":"de-DE"}]}},"_links":{"self":[{"href":"https:\/\/data.bz.it\/de\/wp-json\/wp\/v2\/pages\/62","targetHints":{"allow":["GET"]}}],"collection":[{"href":"https:\/\/data.bz.it\/de\/wp-json\/wp\/v2\/pages"}],"about":[{"href":"https:\/\/data.bz.it\/de\/wp-json\/wp\/v2\/types\/page"}],"author":[{"embeddable":true,"href":"https:\/\/data.bz.it\/de\/wp-json\/wp\/v2\/users\/1"}],"replies":[{"embeddable":true,"href":"https:\/\/data.bz.it\/de\/wp-json\/wp\/v2\/comments?post=62"}],"version-history":[{"count":8,"href":"https:\/\/data.bz.it\/de\/wp-json\/wp\/v2\/pages\/62\/revisions"}],"predecessor-version":[{"id":1239,"href":"https:\/\/data.bz.it\/de\/wp-json\/wp\/v2\/pages\/62\/revisions\/1239"}],"wp:attachment":[{"href":"https:\/\/data.bz.it\/de\/wp-json\/wp\/v2\/media?parent=62"}],"curies":[{"name":"wp","href":"https:\/\/api.w.org\/{rel}","templated":true}]}}