{"id":59,"date":"2019-07-26T10:04:14","date_gmt":"2019-07-26T08:04:14","guid":{"rendered":"http:\/\/dev.sheldon.studio\/data.bz.it?page_id=59"},"modified":"2020-06-02T22:03:18","modified_gmt":"2020-06-02T20:03:18","slug":"lohn-und-gehaltsabrechnung-buchhaltung-steuern","status":"publish","type":"page","link":"https:\/\/data.bz.it\/de\/lohn-und-gehaltsabrechnung-buchhaltung-steuern\/","title":{"rendered":"Lohn- und Gehaltsabrechnung, Buchhaltung, Steuern"},"content":{"rendered":"<section class=\"contains-introduction\">\n    <div class=\"container\">\n        <div class=\"contents\">\n            <\/p>\n<h1>Verwaltungstechnische, wirtschaftliche, steuerliche und unternehmensrechtliche Beratung.<\/h1>\n<p>Unser Ziel ist es, Unternehmen unter dem Gesichtspunkt der wirtschaftlichen, administrativen, steuerlichen und rechtlichen Aspekte zu unterst\u00fctzen. Daf\u00fcr stehen wir unseren Kunden zur Verf\u00fcgung.<\/p>\n<p>Seit einiger Zeit konzentrieren wir uns auf die bestm\u00f6gliche Spezialisierung unserer Mitarbeiter und Berater, die in allen Bereichen, in denen wir t\u00e4tig sind, Hilfe und L\u00f6sungen anbieten k\u00f6nnen.<\/p>\n<p>\n        <\/div>\n    <\/div>\n<\/section>\n\n<section class=\"contains-contents is-light\">\n    <div class=\"container\">\n        <div class=\"contents\">\n            <\/p>\n<h2>Lohnbuchhaltung<\/h2>\n<div class=\"contents-wrapper\">\n    <p>Dank seiner Erfahrung in diesem Bereich wei\u00df Data Consulting, wie wichtig aufmerksame Personalverwaltung ist. Die korrekte Abrechnung von Geh\u00e4ltern und Sozialbeitr\u00e4gen, die Bew\u00e4ltigung von Arbeitskonflikten und anderer verwaltungstechnischer Aspekte, die die Belegschaft eines Unternehmens betreffen, sind \u00e4u\u00dferst wichtig, um sowohl die Arbeit des Unternehmers zu erleichtern, als auch um eine friedliche Atmosph\u00e4re im Unternehmen zu schaffen.<\/p>\n<p> Ein spezialisierter Berater, der sich st\u00e4ndig zu arbeitsrechtlichen Fragen weiterbildet, wickelt alle Formalit\u00e4ten im Zusammenhang mit der Abrechnung von Geh\u00e4ltern und Sozialbeitr\u00e4gen effizient und zeitnah ab. Die \u00dcbertragung und Verarbeitung der Daten erfolgt vollst\u00e4ndig automatisch und mit einer speziellen Software. Alle Verfahren sind nach h\u00f6chsten Qualit\u00e4tsstandards zertifiziert.<\/p>\n<p>Alle Aktivit\u00e4ten werden genau \u00fcberwacht.<\/p>\n<p>\n<\/div><br \/>\n\t<a href=\"#cf-modal-CF5ed027ff44dd76a06db6263bd3\" class=\"caldera-forms-modal\" data-form=\"CF5ed027ff44dd7\" title=\"Click to open the form Kontaktiere uns in a modal\"> <\/a><a class=\"button is-red contact-us\" data-contact-form-id=\"CF5ed027ff44dd7\" href=\"#\">Kontaktieren Sie uns f\u00fcr eine Beratung<\/a><\/p>\n        <\/div>\n    <\/div>\n<\/section>\n\n<section class=\"contains-contents is-dark\">\n    <div class=\"container\">\n        <div class=\"contents\">\n            <\/p>\n<h2>Buchhaltung<\/h2>\n<div class=\"contents-wrapper\">\n    <p>Einer der grundlegenden Aspekte eines jeden Unternehmens ist eine ordnungsgem\u00e4\u00dfe Buchhaltung. Aber was bedeutet \u201eBuchhaltung\u201c eigentlich?<\/p>\n<p>Der Begriff umfasst die allgemeine Rechnungslegung, die Analyse der wirtschaftlichen Effizienz und der Wirtschaftlichkeit, also die Ermittlung der Ergebnisse der Unternehmensf\u00fchrung.<\/p>\n<p>\u00c9 una funzione amministrativa di vario ordine e grado che sfocia nella redazione del bilancio, importante per la pianificazione ed il controllo di gestione, la progettazione di investimenti o di gestione e previsione dei fabbisogni finanziari.<\/p>\n<p>In der Buchhaltung laufen verschiedenste Verwaltungst\u00e4tigkeiten zusammen, die zur Erarbeitung der Bilanz f\u00fchrt, die f\u00fcr die Planung und Kontrolle der Betriebsf\u00fchrung, die Planung von Investitionen oder die Verwaltung und die Prognose des Finanzbedarfs grundlegend ist. <\/p>\n<p>Gest\u00fctzt auf ein bew\u00e4hrtes IT-System, mit dessen Hilfe die wichtigsten Daten f\u00fcr die unternehmerischen Einsch\u00e4tzungen des Kunden verf\u00fcgbar gemacht werden und auf ein Team von qualifizierten Fachleuten, die eng zusammenarbeiten und bei der Interpretation der Daten helfen und die erforderlichen Ma\u00dfnahmen vorschlagen, unterst\u00fctzt DataConsulting Unternehmen bei der Auffindung geeigneter L\u00f6sungen oder bei der Abwicklung vieler dieser Aspekte.<\/p>\n<p>DataConsulting bietet \u00fcber das Studio Podini &#038; Partner auch Steuer- und Unternehmensberatung, besonders in Bezug auf Aspekte des Gesellschaftsrechts und des Vertragsrechts und steht dem Unternehmen bei allen kritischen Aspekten, die sich schon bei Beginn der unternehmerischen T\u00e4tigkeit der breit gef\u00e4cherten Kundschaft ergeben, zur Seite.<\/p>\n<p>Die Erf\u00fcllung von ordentlichen und au\u00dferordentlichen Unternehmensaufgaben, die Verwaltung der Beziehungen zwischen Aktion\u00e4ren und Gesellschaftsorganen, die Betriebsnachfolgeplanung bereichern das Leistungsangebot, das sich auch auf die administrative Unterst\u00fctzung von Verwaltungsr\u00e4ten und Hauptversammlungen sowie auf alle anderen F\u00e4lle erstreckt, bei denen unser Beistand gefragt ist.<\/p>\n<p>Der Einsatz modernster Software erm\u00f6glicht die weitgehend automatisierte Verwaltung der Betriebsunterlagen und erlaubt dem Kunden, seine Buchhaltungs- und Finanzsituation, auch \u00fcber Smartphone zu kontrollieren.<\/p>\n<p>Neben der ordnungsgem\u00e4\u00dfen Buchf\u00fchrung und Beratung sind die Intrastat-Meldungen, die Bereitstellung des vorl\u00e4ufigen Jahresabschlusses, die Kunden- \/ Lieferantensituation und die interne Archivierung von Buchhaltungsunterlagen (auf Anfrage) unser t\u00e4gliches Brot.<\/p>\n<p>\n<\/div><br \/>\n\t<a href=\"#cf-modal-CF5ed027ff44dd76a06db626a47b\" class=\"caldera-forms-modal\" data-form=\"CF5ed027ff44dd7\" title=\"Click to open the form Kontaktiere uns in a modal\"> <\/a><a class=\"button is-red contact-us\" data-contact-form-id=\"CF5ed027ff44dd7\" href=\"#\">Kontaktieren Sie uns f\u00fcr eine Beratung<\/a><\/p>\n        <\/div>\n    <\/div>\n<\/section>\n\n<section class=\"contains-contents is-light\">\n    <div class=\"container\">\n        <div class=\"contents\">\n            <\/p>\n<h2>Steuerfragen<\/h2>\n<div class=\"contents-wrapper\">\n    <p>Die ordnungsgem\u00e4\u00dfe Verwaltung aller ordentlichen und au\u00dferordentlichen Steuerverpflichtungen ist ein Aspekt von entscheidender Bedeutung f\u00fcr das Management eines Unternehmens, aber auch vieler Privatpersonen.<\/p>\n<p>Die Steuerbeh\u00f6rden sind manchmal unerbittlich. Um sicherzustellen, dass die zahlreichen Fristen korrekt eingehalten werden, ist besondere Kompetenz erforderlich.<\/p>\n<p>DataConsulting stellt seinen Kunden Steuerberater zur Verf\u00fcgung, die \u00fcber die Neuigkeiten in ihrer Branche laufend informiert sind.<\/p>\n<p>Wir nehmen Unternehmen diese Aufgaben ab und bieten kontinuierliche und umfassende Dienstleistungen.<\/p>\n<p>Von der Einzahlung der Mehrwertsteuer, Einkommensteuer, K\u00f6rperschaftssteuer (IRES) und Regionale Wertsch\u00f6pfungssteuer (IRAP) bis hin zu den unterschiedlichsten Erkl\u00e4rungen (UNICO, Umsatzsteuererkl\u00e4rung, Spesometro, Redditometro, IMU, etc.) unterst\u00fctzt Data Consulting Unternehmen kompetent und professionell.<\/p>\n<p>Vertrauen Sie uns.<\/p>\n<p>\n<\/div><br \/>\n\t<a href=\"#cf-modal-CF5ed027ff44dd76a06db626d6f3\" class=\"caldera-forms-modal\" data-form=\"CF5ed027ff44dd7\" title=\"Click to open the form Kontaktiere uns in a modal\"> <\/a><a class=\"button is-red contact-us\" data-contact-form-id=\"CF5ed027ff44dd7\" href=\"#\">Kontaktieren Sie uns f\u00fcr eine Beratung<\/a><\/p>\n        <\/div>\n    <\/div>\n<\/section>\n","protected":false},"excerpt":{"rendered":"","protected":false},"author":1,"featured_media":0,"parent":0,"menu_order":0,"comment_status":"closed","ping_status":"closed","template":"page-templates\/structured.php","meta":{"footnotes":""},"class_list":["post-59","page","type-page","status-publish","hentry"],"yoast_head":"<!-- This site is optimized with the Yoast SEO plugin v27.3 - https:\/\/yoast.com\/product\/yoast-seo-wordpress\/ -->\n<title>Lohn- und Gehaltsabrechnung, Buchhaltung, Steuern - DataConsulting<\/title>\n<meta name=\"robots\" content=\"index, follow, max-snippet:-1, max-image-preview:large, max-video-preview:-1\" \/>\n<link rel=\"canonical\" href=\"https:\/\/data.bz.it\/de\/lohn-und-gehaltsabrechnung-buchhaltung-steuern\/\" \/>\n<meta property=\"og:locale\" content=\"de_DE\" \/>\n<meta property=\"og:type\" content=\"article\" \/>\n<meta property=\"og:title\" content=\"Lohn- und Gehaltsabrechnung, Buchhaltung, Steuern - DataConsulting\" \/>\n<meta property=\"og:url\" content=\"https:\/\/data.bz.it\/de\/lohn-und-gehaltsabrechnung-buchhaltung-steuern\/\" \/>\n<meta property=\"og:site_name\" content=\"DataConsulting\" \/>\n<meta property=\"article:modified_time\" content=\"2020-06-02T20:03:18+00:00\" \/>\n<meta property=\"og:image\" content=\"https:\/\/data.bz.it\/wp-content\/uploads\/2019\/10\/databz-og-1.png\" \/>\n\t<meta property=\"og:image:width\" content=\"1600\" \/>\n\t<meta property=\"og:image:height\" content=\"802\" \/>\n\t<meta property=\"og:image:type\" content=\"image\/png\" \/>\n<meta name=\"twitter:card\" content=\"summary_large_image\" \/>\n<meta name=\"twitter:label1\" content=\"Est. reading time\" \/>\n\t<meta name=\"twitter:data1\" content=\"3 minutes\" \/>\n<script type=\"application\/ld+json\" class=\"yoast-schema-graph\">{\"@context\":\"https:\\\/\\\/schema.org\",\"@graph\":[{\"@type\":\"WebPage\",\"@id\":\"https:\\\/\\\/data.bz.it\\\/de\\\/lohn-und-gehaltsabrechnung-buchhaltung-steuern\\\/\",\"url\":\"https:\\\/\\\/data.bz.it\\\/de\\\/lohn-und-gehaltsabrechnung-buchhaltung-steuern\\\/\",\"name\":\"Lohn- und Gehaltsabrechnung, Buchhaltung, Steuern - DataConsulting\",\"isPartOf\":{\"@id\":\"https:\\\/\\\/data.bz.it\\\/it\\\/#website\"},\"datePublished\":\"2019-07-26T08:04:14+00:00\",\"dateModified\":\"2020-06-02T20:03:18+00:00\",\"breadcrumb\":{\"@id\":\"https:\\\/\\\/data.bz.it\\\/de\\\/lohn-und-gehaltsabrechnung-buchhaltung-steuern\\\/#breadcrumb\"},\"inLanguage\":\"de-DE\",\"potentialAction\":[{\"@type\":\"ReadAction\",\"target\":[\"https:\\\/\\\/data.bz.it\\\/de\\\/lohn-und-gehaltsabrechnung-buchhaltung-steuern\\\/\"]}]},{\"@type\":\"BreadcrumbList\",\"@id\":\"https:\\\/\\\/data.bz.it\\\/de\\\/lohn-und-gehaltsabrechnung-buchhaltung-steuern\\\/#breadcrumb\",\"itemListElement\":[{\"@type\":\"ListItem\",\"position\":1,\"name\":\"Home\",\"item\":\"https:\\\/\\\/data.bz.it\\\/de\\\/\"},{\"@type\":\"ListItem\",\"position\":2,\"name\":\"Lohn- und Gehaltsabrechnung, Buchhaltung, Steuern\"}]},{\"@type\":\"WebSite\",\"@id\":\"https:\\\/\\\/data.bz.it\\\/it\\\/#website\",\"url\":\"https:\\\/\\\/data.bz.it\\\/it\\\/\",\"name\":\"DataConsulting\",\"description\":\"Un nuovo sito targato WordPress\",\"potentialAction\":[{\"@type\":\"SearchAction\",\"target\":{\"@type\":\"EntryPoint\",\"urlTemplate\":\"https:\\\/\\\/data.bz.it\\\/it\\\/?s={search_term_string}\"},\"query-input\":{\"@type\":\"PropertyValueSpecification\",\"valueRequired\":true,\"valueName\":\"search_term_string\"}}],\"inLanguage\":\"de-DE\"}]}<\/script>\n<!-- \/ Yoast SEO plugin. -->","yoast_head_json":{"title":"Lohn- und Gehaltsabrechnung, Buchhaltung, Steuern - DataConsulting","robots":{"index":"index","follow":"follow","max-snippet":"max-snippet:-1","max-image-preview":"max-image-preview:large","max-video-preview":"max-video-preview:-1"},"canonical":"https:\/\/data.bz.it\/de\/lohn-und-gehaltsabrechnung-buchhaltung-steuern\/","og_locale":"de_DE","og_type":"article","og_title":"Lohn- und Gehaltsabrechnung, Buchhaltung, Steuern - DataConsulting","og_url":"https:\/\/data.bz.it\/de\/lohn-und-gehaltsabrechnung-buchhaltung-steuern\/","og_site_name":"DataConsulting","article_modified_time":"2020-06-02T20:03:18+00:00","og_image":[{"width":1600,"height":802,"url":"https:\/\/data.bz.it\/wp-content\/uploads\/2019\/10\/databz-og-1.png","type":"image\/png"}],"twitter_card":"summary_large_image","twitter_misc":{"Est. reading time":"3 minutes"},"schema":{"@context":"https:\/\/schema.org","@graph":[{"@type":"WebPage","@id":"https:\/\/data.bz.it\/de\/lohn-und-gehaltsabrechnung-buchhaltung-steuern\/","url":"https:\/\/data.bz.it\/de\/lohn-und-gehaltsabrechnung-buchhaltung-steuern\/","name":"Lohn- und Gehaltsabrechnung, Buchhaltung, Steuern - DataConsulting","isPartOf":{"@id":"https:\/\/data.bz.it\/it\/#website"},"datePublished":"2019-07-26T08:04:14+00:00","dateModified":"2020-06-02T20:03:18+00:00","breadcrumb":{"@id":"https:\/\/data.bz.it\/de\/lohn-und-gehaltsabrechnung-buchhaltung-steuern\/#breadcrumb"},"inLanguage":"de-DE","potentialAction":[{"@type":"ReadAction","target":["https:\/\/data.bz.it\/de\/lohn-und-gehaltsabrechnung-buchhaltung-steuern\/"]}]},{"@type":"BreadcrumbList","@id":"https:\/\/data.bz.it\/de\/lohn-und-gehaltsabrechnung-buchhaltung-steuern\/#breadcrumb","itemListElement":[{"@type":"ListItem","position":1,"name":"Home","item":"https:\/\/data.bz.it\/de\/"},{"@type":"ListItem","position":2,"name":"Lohn- und Gehaltsabrechnung, Buchhaltung, Steuern"}]},{"@type":"WebSite","@id":"https:\/\/data.bz.it\/it\/#website","url":"https:\/\/data.bz.it\/it\/","name":"DataConsulting","description":"Un nuovo sito targato WordPress","potentialAction":[{"@type":"SearchAction","target":{"@type":"EntryPoint","urlTemplate":"https:\/\/data.bz.it\/it\/?s={search_term_string}"},"query-input":{"@type":"PropertyValueSpecification","valueRequired":true,"valueName":"search_term_string"}}],"inLanguage":"de-DE"}]}},"_links":{"self":[{"href":"https:\/\/data.bz.it\/de\/wp-json\/wp\/v2\/pages\/59","targetHints":{"allow":["GET"]}}],"collection":[{"href":"https:\/\/data.bz.it\/de\/wp-json\/wp\/v2\/pages"}],"about":[{"href":"https:\/\/data.bz.it\/de\/wp-json\/wp\/v2\/types\/page"}],"author":[{"embeddable":true,"href":"https:\/\/data.bz.it\/de\/wp-json\/wp\/v2\/users\/1"}],"replies":[{"embeddable":true,"href":"https:\/\/data.bz.it\/de\/wp-json\/wp\/v2\/comments?post=59"}],"version-history":[{"count":8,"href":"https:\/\/data.bz.it\/de\/wp-json\/wp\/v2\/pages\/59\/revisions"}],"predecessor-version":[{"id":1235,"href":"https:\/\/data.bz.it\/de\/wp-json\/wp\/v2\/pages\/59\/revisions\/1235"}],"wp:attachment":[{"href":"https:\/\/data.bz.it\/de\/wp-json\/wp\/v2\/media?parent=59"}],"curies":[{"name":"wp","href":"https:\/\/api.w.org\/{rel}","templated":true}]}}