{"id":58,"date":"2019-07-26T10:03:48","date_gmt":"2019-07-26T08:03:48","guid":{"rendered":"http:\/\/dev.sheldon.studio\/data.bz.it?page_id=58"},"modified":"2019-09-06T18:11:34","modified_gmt":"2019-09-06T16:11:34","slug":"jobboerse","status":"publish","type":"page","link":"https:\/\/data.bz.it\/de\/jobboerse\/","title":{"rendered":"Erfahrung und Innovationsgeist machen stark. Ihr Job bei DataConsulting"},"content":{"rendered":"<p>Data Consulting ist ein Unternehmen mit \u00fcber 40 Jahren Erfahrung in den Bereichen Betriebsberatung, Rechnungswesen, Arbeitsrecht, Unternehmens- und Steuerberatung, Personalpr\u00fcfung und -verwaltung und hat aufgrund seiner Seriosit\u00e4t, Zuverl\u00e4ssigkeit und Kompetenz in S\u00fcdtirol eine F\u00fchrungsposition eingenommen. Wir setzen auf konstante Ausbildung als Mehrwert, um weiter zu wachsen, neue fachliche Kompetenzen im Hinblick auf innovative L\u00f6sungen zu erwerben und immer flexiblere und diversifiziertere Antworten auf die unterschiedlichen Bed\u00fcrfnisse unserer Kunden zu geben.<\/p>\n<p>Wenn Sie entschlossen sind, sich aktiv einbringen und neue Kompetenzen aneignen wollen, um Ihr Fachwissen zu erweitern, nehmen wir Ihre Bewerbung gerne in Augenschein.<\/p>\n","protected":false},"excerpt":{"rendered":"<p>Data Consulting ist ein Unternehmen mit \u00fcber 40 Jahren Erfahrung in den Bereichen Betriebsberatung, Rechnungswesen, Arbeitsrecht, Unternehmens- und Steuerberatung, Personalpr\u00fcfung und -verwaltung und hat aufgrund seiner Seriosit\u00e4t, Zuverl\u00e4ssigkeit und Kompetenz in S\u00fcdtirol eine F\u00fchrungsposition eingenommen. Wir setzen auf konstante Ausbildung als Mehrwert, um weiter zu wachsen, neue fachliche Kompetenzen im Hinblick auf innovative L\u00f6sungen zu [&hellip;]<\/p>\n","protected":false},"author":1,"featured_media":0,"parent":0,"menu_order":0,"comment_status":"closed","ping_status":"closed","template":"page-templates\/jobs-archive.php","meta":{"footnotes":""},"class_list":["post-58","page","type-page","status-publish","hentry"],"yoast_head":"<!-- This site is optimized with the Yoast SEO plugin v27.3 - https:\/\/yoast.com\/product\/yoast-seo-wordpress\/ -->\n<title>Erfahrung und Innovationsgeist machen stark. Ihr Job bei DataConsulting - DataConsulting<\/title>\n<meta name=\"robots\" content=\"index, follow, max-snippet:-1, max-image-preview:large, max-video-preview:-1\" \/>\n<link rel=\"canonical\" href=\"https:\/\/data.bz.it\/de\/jobboerse\/\" \/>\n<meta property=\"og:locale\" content=\"de_DE\" \/>\n<meta property=\"og:type\" content=\"article\" \/>\n<meta property=\"og:title\" content=\"Erfahrung und Innovationsgeist machen stark. Ihr Job bei DataConsulting - DataConsulting\" \/>\n<meta property=\"og:description\" content=\"Data Consulting ist ein Unternehmen mit \u00fcber 40 Jahren Erfahrung in den Bereichen Betriebsberatung, Rechnungswesen, Arbeitsrecht, Unternehmens- und Steuerberatung, Personalpr\u00fcfung und -verwaltung und hat aufgrund seiner Seriosit\u00e4t, Zuverl\u00e4ssigkeit und Kompetenz in S\u00fcdtirol eine F\u00fchrungsposition eingenommen. Wir setzen auf konstante Ausbildung als Mehrwert, um weiter zu wachsen, neue fachliche Kompetenzen im Hinblick auf innovative L\u00f6sungen zu [&hellip;]\" \/>\n<meta property=\"og:url\" content=\"https:\/\/data.bz.it\/de\/jobboerse\/\" \/>\n<meta property=\"og:site_name\" content=\"DataConsulting\" \/>\n<meta property=\"article:modified_time\" content=\"2019-09-06T16:11:34+00:00\" \/>\n<meta property=\"og:image\" content=\"https:\/\/data.bz.it\/wp-content\/uploads\/2019\/10\/databz-og-1.png\" \/>\n\t<meta property=\"og:image:width\" content=\"1600\" \/>\n\t<meta property=\"og:image:height\" content=\"802\" \/>\n\t<meta property=\"og:image:type\" content=\"image\/png\" \/>\n<meta name=\"twitter:card\" content=\"summary_large_image\" \/>\n<meta name=\"twitter:label1\" content=\"Est. reading time\" \/>\n\t<meta name=\"twitter:data1\" content=\"1 minute\" \/>\n<script type=\"application\/ld+json\" class=\"yoast-schema-graph\">{\"@context\":\"https:\\\/\\\/schema.org\",\"@graph\":[{\"@type\":\"WebPage\",\"@id\":\"https:\\\/\\\/data.bz.it\\\/de\\\/jobboerse\\\/\",\"url\":\"https:\\\/\\\/data.bz.it\\\/de\\\/jobboerse\\\/\",\"name\":\"Erfahrung und Innovationsgeist machen stark. Ihr Job bei DataConsulting - DataConsulting\",\"isPartOf\":{\"@id\":\"https:\\\/\\\/data.bz.it\\\/it\\\/#website\"},\"datePublished\":\"2019-07-26T08:03:48+00:00\",\"dateModified\":\"2019-09-06T16:11:34+00:00\",\"breadcrumb\":{\"@id\":\"https:\\\/\\\/data.bz.it\\\/de\\\/jobboerse\\\/#breadcrumb\"},\"inLanguage\":\"de-DE\",\"potentialAction\":[{\"@type\":\"ReadAction\",\"target\":[\"https:\\\/\\\/data.bz.it\\\/de\\\/jobboerse\\\/\"]}]},{\"@type\":\"BreadcrumbList\",\"@id\":\"https:\\\/\\\/data.bz.it\\\/de\\\/jobboerse\\\/#breadcrumb\",\"itemListElement\":[{\"@type\":\"ListItem\",\"position\":1,\"name\":\"Home\",\"item\":\"https:\\\/\\\/data.bz.it\\\/de\\\/\"},{\"@type\":\"ListItem\",\"position\":2,\"name\":\"Erfahrung und Innovationsgeist machen stark. Ihr Job bei DataConsulting\"}]},{\"@type\":\"WebSite\",\"@id\":\"https:\\\/\\\/data.bz.it\\\/it\\\/#website\",\"url\":\"https:\\\/\\\/data.bz.it\\\/it\\\/\",\"name\":\"DataConsulting\",\"description\":\"Un nuovo sito targato WordPress\",\"potentialAction\":[{\"@type\":\"SearchAction\",\"target\":{\"@type\":\"EntryPoint\",\"urlTemplate\":\"https:\\\/\\\/data.bz.it\\\/it\\\/?s={search_term_string}\"},\"query-input\":{\"@type\":\"PropertyValueSpecification\",\"valueRequired\":true,\"valueName\":\"search_term_string\"}}],\"inLanguage\":\"de-DE\"}]}<\/script>\n<!-- \/ Yoast SEO plugin. -->","yoast_head_json":{"title":"Erfahrung und Innovationsgeist machen stark. Ihr Job bei DataConsulting - DataConsulting","robots":{"index":"index","follow":"follow","max-snippet":"max-snippet:-1","max-image-preview":"max-image-preview:large","max-video-preview":"max-video-preview:-1"},"canonical":"https:\/\/data.bz.it\/de\/jobboerse\/","og_locale":"de_DE","og_type":"article","og_title":"Erfahrung und Innovationsgeist machen stark. Ihr Job bei DataConsulting - DataConsulting","og_description":"Data Consulting ist ein Unternehmen mit \u00fcber 40 Jahren Erfahrung in den Bereichen Betriebsberatung, Rechnungswesen, Arbeitsrecht, Unternehmens- und Steuerberatung, Personalpr\u00fcfung und -verwaltung und hat aufgrund seiner Seriosit\u00e4t, Zuverl\u00e4ssigkeit und Kompetenz in S\u00fcdtirol eine F\u00fchrungsposition eingenommen. Wir setzen auf konstante Ausbildung als Mehrwert, um weiter zu wachsen, neue fachliche Kompetenzen im Hinblick auf innovative L\u00f6sungen zu [&hellip;]","og_url":"https:\/\/data.bz.it\/de\/jobboerse\/","og_site_name":"DataConsulting","article_modified_time":"2019-09-06T16:11:34+00:00","og_image":[{"width":1600,"height":802,"url":"https:\/\/data.bz.it\/wp-content\/uploads\/2019\/10\/databz-og-1.png","type":"image\/png"}],"twitter_card":"summary_large_image","twitter_misc":{"Est. reading time":"1 minute"},"schema":{"@context":"https:\/\/schema.org","@graph":[{"@type":"WebPage","@id":"https:\/\/data.bz.it\/de\/jobboerse\/","url":"https:\/\/data.bz.it\/de\/jobboerse\/","name":"Erfahrung und Innovationsgeist machen stark. Ihr Job bei DataConsulting - DataConsulting","isPartOf":{"@id":"https:\/\/data.bz.it\/it\/#website"},"datePublished":"2019-07-26T08:03:48+00:00","dateModified":"2019-09-06T16:11:34+00:00","breadcrumb":{"@id":"https:\/\/data.bz.it\/de\/jobboerse\/#breadcrumb"},"inLanguage":"de-DE","potentialAction":[{"@type":"ReadAction","target":["https:\/\/data.bz.it\/de\/jobboerse\/"]}]},{"@type":"BreadcrumbList","@id":"https:\/\/data.bz.it\/de\/jobboerse\/#breadcrumb","itemListElement":[{"@type":"ListItem","position":1,"name":"Home","item":"https:\/\/data.bz.it\/de\/"},{"@type":"ListItem","position":2,"name":"Erfahrung und Innovationsgeist machen stark. Ihr Job bei DataConsulting"}]},{"@type":"WebSite","@id":"https:\/\/data.bz.it\/it\/#website","url":"https:\/\/data.bz.it\/it\/","name":"DataConsulting","description":"Un nuovo sito targato WordPress","potentialAction":[{"@type":"SearchAction","target":{"@type":"EntryPoint","urlTemplate":"https:\/\/data.bz.it\/it\/?s={search_term_string}"},"query-input":{"@type":"PropertyValueSpecification","valueRequired":true,"valueName":"search_term_string"}}],"inLanguage":"de-DE"}]}},"_links":{"self":[{"href":"https:\/\/data.bz.it\/de\/wp-json\/wp\/v2\/pages\/58","targetHints":{"allow":["GET"]}}],"collection":[{"href":"https:\/\/data.bz.it\/de\/wp-json\/wp\/v2\/pages"}],"about":[{"href":"https:\/\/data.bz.it\/de\/wp-json\/wp\/v2\/types\/page"}],"author":[{"embeddable":true,"href":"https:\/\/data.bz.it\/de\/wp-json\/wp\/v2\/users\/1"}],"replies":[{"embeddable":true,"href":"https:\/\/data.bz.it\/de\/wp-json\/wp\/v2\/comments?post=58"}],"version-history":[{"count":8,"href":"https:\/\/data.bz.it\/de\/wp-json\/wp\/v2\/pages\/58\/revisions"}],"predecessor-version":[{"id":227,"href":"https:\/\/data.bz.it\/de\/wp-json\/wp\/v2\/pages\/58\/revisions\/227"}],"wp:attachment":[{"href":"https:\/\/data.bz.it\/de\/wp-json\/wp\/v2\/media?parent=58"}],"curies":[{"name":"wp","href":"https:\/\/api.w.org\/{rel}","templated":true}]}}