{"id":53,"date":"2019-07-26T10:02:29","date_gmt":"2019-07-26T08:02:29","guid":{"rendered":"http:\/\/dev.sheldon.studio\/data.bz.it?page_id=53"},"modified":"2025-02-18T21:46:54","modified_gmt":"2025-02-18T20:46:54","slug":"startseite","status":"publish","type":"page","link":"https:\/\/data.bz.it\/de\/","title":{"rendered":"Startseite"},"content":{"rendered":"<section class=\"contains-introduction\">\n    <div class=\"container\">\n        <div class=\"contents\">\n            <\/p>\n<h3>Mit DataConsulting k\u00f6nnen Sie Ihr Unternehmen transparent, agil und reaktionsschnell verwalten. Die beste digitale Technologie unterst\u00fctzt die Kontrolle Ihres Unternehmens in allen seinen Aspekten. Wo immer Sie sich befinden.<\/h3>\n<p>\n        <\/div>\n    <\/div>\n<\/section>\n\n<section class=\"contains-blog-posts contains-recent-blog\">\n    <div class=\"tile-header\">\n        <div class=\"container\">\n            <h2 class=\"title\">Blog<\/h2>\n            <div class=\"description\"><p>Entdecken Sie aktuelle Inhalte von unseren Beratern und Experten aus den Bereichen Steuern, Verwaltung, Wirtschaft und Unternehmensf\u00fchrung.<\/p>\n<\/div>\n        <\/div>\n    <\/div>\n\n    <div class=\"container\">\n        <div class=\"blog-posts\">\n            \n        <div class=\"blog-post\">\n            <div class=\"item-contents\">\n                <div class=\"blog-post-date\">Friday, 28 October 2022<\/div>\n\n                                    <div class=\"blog-post-image\" style=\"background-image: url('https:\/\/data.bz.it\/wp-content\/uploads\/2022\/10\/mimi-thian-ZKBzlifgkgw-unsplash-320x248.jpg');\"><\/div>\n                \n                <div class=\"blog-post-title\">\n                    <a href=\"https:\/\/data.bz.it\/de\/blog\/post\/2022\/10\/dataconsulting-academy-am-start-weiterbildung-mitarbeiterentwicklung-team-building\/\">DataConsulting Academy am Start: Weiterbildung, Mitarbeiterentwicklung, Team Building<\/a>\n                <\/div>\n\n                                    <div class=\"blog-post-excerpt\">\n                        Wir freuen uns sehr, die DataConsulting Academy begr\u00fc\u00dfen zu d\u00fcrfen, ein Unternehmenswert von gro\u00dfem strategischem Wert, der die Kr\u00f6nung einer Unternehmensvision darstellt, die seit jeher darauf abzielt, den Wert der menschlichen Ressourcen zu f\u00f6rdern und ein starkes, koh\u00e4rentes und flexibles Team aufzubauen.                    <\/div>\n                \n                                    <div class=\"blog-post-categories\">\n                                                    <a class=\"blog-post-category\" href=\"https:\/\/data.bz.it\/de\/blog\/category\/digital-loesungen\/\" title=\"Digital-L\u00f6sungen\">Digital-L\u00f6sungen<\/a>\n                                                    <a class=\"blog-post-category\" href=\"https:\/\/data.bz.it\/de\/blog\/category\/personal\/\" title=\"Personalberatung\">Personalberatung<\/a>\n                                            <\/div>\n                            <\/div>\n        <\/div>\n            \n        <div class=\"blog-post\">\n            <div class=\"item-contents\">\n                <div class=\"blog-post-date\">Tuesday, 7 June 2022<\/div>\n\n                                    <div class=\"blog-post-image\" style=\"background-image: url('https:\/\/data.bz.it\/wp-content\/uploads\/2022\/06\/IMG20220526175407-320x248.jpg');\"><\/div>\n                \n                <div class=\"blog-post-title\">\n                    <a href=\"https:\/\/data.bz.it\/de\/blog\/post\/2022\/06\/webinar-zum-thema-smart-working-wie-wirkt-es-sich-auf-die-unternehmen-aus\/\">Webinar zum Thema \"Smart Working\" - wie wirkt es sich auf die Unternehmen aus?<\/a>\n                <\/div>\n\n                                    <div class=\"blog-post-excerpt\">\n                        Das am 26. Mai organisierte Webinar \u201eSmart Working: Aus dem Notfall wird eine Chance - Wie wirkt es sich auf Unternehmen aus?\u201c war f\u00fcr uns eine neue Etappe auf dem Weg an der Seite von S\u00fcdtiroler Unternehmen, Unternehmern und Fachleuten.                    <\/div>\n                \n                                    <div class=\"blog-post-categories\">\n                                                    <a class=\"blog-post-category\" href=\"https:\/\/data.bz.it\/de\/blog\/category\/management-unternehmen\/\" title=\"Management- und Unternehmensberatung\">Management- und Unternehmensberatung<\/a>\n                                            <\/div>\n                            <\/div>\n        <\/div>\n            \n        <div class=\"blog-post\">\n            <div class=\"item-contents\">\n                <div class=\"blog-post-date\">Monday, 23 May 2022<\/div>\n\n                                    <div class=\"blog-post-image\" style=\"background-image: url('https:\/\/data.bz.it\/wp-content\/uploads\/2022\/05\/christopher-gower-vjMgqUkS8q8-unsplash-320x248.jpg');\"><\/div>\n                \n                <div class=\"blog-post-title\">\n                    <a href=\"https:\/\/data.bz.it\/de\/blog\/post\/2022\/05\/smart-working-jetzt-wird-es-ernst-wie-gehen-die-unternehmen-vor\/\">Smart Working: Jetzt wird es ernst. Wie gehen die Unternehmen vor?<\/a>\n                <\/div>\n\n                                    <div class=\"blog-post-excerpt\">\n                        Ab dem 31. August und dem Ende der vereinfachten Regelung wird Smart Working zu einem vollwertigen Aspekt der Arbeitsorganisation.                    <\/div>\n                \n                                    <div class=\"blog-post-categories\">\n                                                    <a class=\"blog-post-category\" href=\"https:\/\/data.bz.it\/de\/blog\/category\/digital-loesungen\/\" title=\"Digital-L\u00f6sungen\">Digital-L\u00f6sungen<\/a>\n                                                    <a class=\"blog-post-category\" href=\"https:\/\/data.bz.it\/de\/blog\/category\/management-unternehmen\/\" title=\"Management- und Unternehmensberatung\">Management- und Unternehmensberatung<\/a>\n                                                    <a class=\"blog-post-category\" href=\"https:\/\/data.bz.it\/de\/blog\/category\/outsourcing-de\/\" title=\"Outsourcing\">Outsourcing<\/a>\n                                                    <a class=\"blog-post-category\" href=\"https:\/\/data.bz.it\/de\/blog\/category\/personal\/\" title=\"Personalberatung\">Personalberatung<\/a>\n                                            <\/div>\n                            <\/div>\n        <\/div>\n    <\/div>\n        <div class=\"contains-all\">\n            <a class=\"button all\" href=\"https:\/\/data.bz.it\/de\/blog\/\">Zum Blog<\/a>\n        <\/div>\n    <\/div>\n<\/section>\n\n<section class=\"contains-tile is-right-aligned is-dark\">\n    <div class=\"container\">\n                    <img decoding=\"async\" src=\"https:\/\/data.bz.it\/wp-content\/uploads\/2019\/07\/soluzioni.gif\"\/>\n        \n        <div class=\"contents\">\n            <\/p>\n<h2>Digitale L\u00f6sungen.<\/h2>\n<div class=\"contents-wrapper\">\n    <p>Die Digitalisierung ist eine Herausforderung. DataConsulting steht ihren Kunden dabei zur Seite. Dank der Zusammenarbeit mit der Teamsystem AG ist DataConsulting in der Lage, Software f\u00fcr die Verwaltung von Unternehmen und ma\u00dfgeschneiderte Dashboards zur \u00dcberwachung der Unternehmensleistung anzubieten, auf die jeder Kunde zugreifen kann.<\/p>\n<p>\n<\/div><br \/>\n<a class=\"button\" href=\"https:\/\/data.bz.it\/de\/digitale-loesungen\/\">W\u00e4hlen Sie die ideale L\u00f6sung<\/a><\/p>\n        <\/div>\n    <\/div>\n<\/section>\n\n<section class=\"contains-tile is-left-aligned is-light\">\n    <div class=\"container\">\n                    <img decoding=\"async\" src=\"https:\/\/data.bz.it\/wp-content\/uploads\/2019\/07\/partners.gif\"\/>\n        \n        <div class=\"contents\">\n            <\/p>\n<h2>Podini &amp; Partners.<\/h2>\n<div class=\"contents-wrapper\">\n    <p>Wo es um Steuern und Unternehmensrecht geht, setzt DataConsulting auf die Zusammenarbeit mit der Soziet\u00e4t Podini &amp; Partner. Das Studio besteht aus einem Team erfahrener Wirtschaftsberater und garantiert, hinsichtlich selbst anspruchsvollster Anforderungen der Kunden, technische und fachliche Unterst\u00fctzung.<\/p>\n<p>\n<\/div><br \/>\n<a class=\"button\" href=\"https:\/\/www.podini-partners.it\/\" target=\"_blank\" rel=\"noopener noreferrer\">Besuchen Sie die Website<\/a><\/p>\n        <\/div>\n    <\/div>\n<\/section>\n\n<section class=\"contains-tile is-left-aligned is-light\">\n    <div class=\"container\">\n                    <img decoding=\"async\" src=\"https:\/\/data.bz.it\/wp-content\/uploads\/2019\/07\/outsourcing.gif\"\/>\n        \n        <div class=\"contents\">\n            <\/p>\n<h2>Lohn- und Ge\u00adhalts\u00adab\u00adrech\u00adnung, Buchhaltung, Steuern.<\/h2>\n<div class=\"contents-wrapper\">\n    <p>DataConsulting kann bei der Beratung zu wirtschaftlichen, administrativen, steuerlichen und unternehmerischen Aspekten auf einen jahrelangen Erfahrungsschatz zur\u00fcckgreifen. Unsere Mitarbeiter sind Experten in ihrem Bereich und pr\u00fcfen stets alle Optimierungsspielr\u00e4ume zugunsten der Unternehmen, die sich DataConsulting anvertrauen.<\/p>\n<p>\n<\/div><br \/>\n<a class=\"button\" href=\"https:\/\/data.bz.it\/de\/lohn-und-gehaltsabrechnung-buchhaltung-steuern\/\">Unsere Dienstleistungen<\/a><\/p>\n        <\/div>\n    <\/div>\n<\/section>\n\n<section class=\"contains-tile is-light has-contents\">\n    <div class=\"container\">\n        \n        <div class=\"contents\">\n            <\/p>\n<h2>Datenschutzrichtlinien.<\/h2>\n<div class=\"contents-wrapper\">\n    <p>Die Datenschutzgrundverordnung der Europ\u00e4ischen Union (DSGVO) trat am 25. Mai 2018 in Kraft und ver\u00e4nderte die Art und Weise, wie Unternehmen personenbezogene Daten verwalten und sch\u00fctzen.<\/p>\n<p>Dank des zuverl\u00e4ssigen, kompetenten und spezialisierten Partners &#8220;Ekko GmbH&#8221; ist DataConsulting in der Lage, Kunden in Datenschutzfragen angemessen und spezifisch zu beraten.<\/p>\n<p>\n<\/div><br \/>\n<a class=\"button\" href=\"https:\/\/data.bz.it\/de\/datenschutzrichtlinien\/\">Weitere Informationen<\/a><\/p>\n        <\/div>\n    <\/div>\n<\/section>\n<section id=\"newsletter\" class=\"contains-tile is-left-aligned\">\n    <div class=\"container\">\n        <div class=\"contents\">\n            <\/p>\n<h2>Newsletter<\/h2>\n<div class=\"contents-wrapper\">\n    <\/p>\n<p>Bestellen Sie unseren Newsletter, Sie erhalten regelm\u00e4\u00dfig Informationen \u00fcber die wichtigsten Neuigkeiten und Termine rund um die Betriebsverwaltung.<\/p>\n<p>\n<\/div>\n        <\/div>\n        <form action=\"https:\/\/data.bz.it\/it\/newsletter\/\" method=\"get\">\n    <input name=\"email\" required=\"\" type=\"email\" placeholder=\"E-Mail Adresse\" \/>\n    <button class=\"button\">Anmelden<\/button>\n<\/form>    <\/div>\n<\/section>\n\n<section class=\"contains-news\">\n    <div class=\"tile-header\">\n        <div class=\"container\">\n            <h2 class=\"title\">News<\/h2>\n        <\/div>\n    <\/div>\n\n    <div class=\"container\">\n        <form action=\"https:\/\/data.bz.it\/de\/\" method=\"get\">\n            <input id=\"news-search-field\" name=\"s\" type=\"text\" placeholder=\"Suche im Newsarchiv\" \/>\n            <button>Suchen<\/button>\n        <\/form>\n\n        <div class=\"news-list\">\n            <ul>\n                                    <li>\n                        <div class=\"contents\">\n                            <div class=\"date\">09 April 2026<\/div>\n\n                            <a href=\"https:\/\/data.bz.it\/de\/wichtige-faelligkeiten-vom-16-april-2026-bis-zum-15-mai-2026\/\">\n                                <div class=\"title\">WICHTIGE F\u00c4LLIGKEITEN VOM 16. APRIL 2026 BIS ZUM 15. MAI 2026<\/div>\n                            <\/a>\n\n                            \n                                                            <ul class=\"tags\">\n                                                                            <li>\n                                            <a href=\"https:\/\/data.bz.it\/de\/tag\/faelligkeiten\/\">F\u00e4LLIGKEITEN<\/a>\n                                        <\/li>\n                                                                    <\/ul>\n                                                    <\/div>\n                    <\/li>\n                                    <li>\n                        <div class=\"contents\">\n                            <div class=\"date\">06 March 2026<\/div>\n\n                            <a href=\"https:\/\/data.bz.it\/de\/wichtige-faelligkeiten-vom-16-maerz-2026-bis-zum-15-april-2026\/\">\n                                <div class=\"title\">WICHTIGE F\u00c4LLIGKEITEN VOM 16. M\u00c4RZ 2026 BIS ZUM 15. APRIL 2026<\/div>\n                            <\/a>\n\n                            \n                                                            <ul class=\"tags\">\n                                                                            <li>\n                                            <a href=\"https:\/\/data.bz.it\/de\/tag\/faelligkeiten\/\">F\u00e4LLIGKEITEN<\/a>\n                                        <\/li>\n                                                                    <\/ul>\n                                                    <\/div>\n                    <\/li>\n                                    <li>\n                        <div class=\"contents\">\n                            <div class=\"date\">09 February 2026<\/div>\n\n                            <a href=\"https:\/\/data.bz.it\/de\/wichtige-faelligkeiten-vom-16-februar-2026-bis-zum-15-maerz-2026\/\">\n                                <div class=\"title\">WICHTIGE F\u00c4LLIGKEITEN VOM 16. FEBRUAR 2026 BIS ZUM 15. M\u00c4RZ 2026<\/div>\n                            <\/a>\n\n                            \n                                                            <ul class=\"tags\">\n                                                                            <li>\n                                            <a href=\"https:\/\/data.bz.it\/de\/tag\/faelligkeiten\/\">F\u00e4LLIGKEITEN<\/a>\n                                        <\/li>\n                                                                    <\/ul>\n                                                    <\/div>\n                    <\/li>\n                                    <li>\n                        <div class=\"contents\">\n                            <div class=\"date\">29 January 2026<\/div>\n\n                            <a href=\"https:\/\/data.bz.it\/de\/haushaltsgesetz-2026-die-wichtigsten-neuerungen-im-arbeitsbereich\/\">\n                                <div class=\"title\">HAUSHALTSGESETZ 2026 \u2013 DIE WICHTIGSTEN NEUERUNGEN IM ARBEITSBEREICH<\/div>\n                            <\/a>\n\n                            \n                                                            <ul class=\"tags\">\n                                                                            <li>\n                                            <a href=\"https:\/\/data.bz.it\/de\/tag\/personalverwaltung\/\">PERSONALVERWALTUNG<\/a>\n                                        <\/li>\n                                                                    <\/ul>\n                                                    <\/div>\n                    <\/li>\n                                    <li>\n                        <div class=\"contents\">\n                            <div class=\"date\">09 January 2026<\/div>\n\n                            <a href=\"https:\/\/data.bz.it\/de\/wichtige-faelligkeiten-vom-16-januar-2026-bis-zum-15-februar-2026\/\">\n                                <div class=\"title\">WICHTIGE F\u00c4LLIGKEITEN VOM 16. JANUAR 2026 BIS ZUM 15. FEBRUAR 2026<\/div>\n                            <\/a>\n\n                            \n                                                            <ul class=\"tags\">\n                                                                            <li>\n                                            <a href=\"https:\/\/data.bz.it\/de\/tag\/faelligkeiten\/\">F\u00e4LLIGKEITEN<\/a>\n                                        <\/li>\n                                                                    <\/ul>\n                                                    <\/div>\n                    <\/li>\n                                    <li>\n                        <div class=\"contents\">\n                            <div class=\"date\">15 December 2025<\/div>\n\n                            <a href=\"https:\/\/data.bz.it\/de\/wichtige-faelligkeiten-vom-16-dezember-2025-bis-zum-15-januar-2026\/\">\n                                <div class=\"title\">WICHTIGE F\u00c4LLIGKEITEN VOM 16. DEZEMBER 2025 BIS ZUM 15. JANUAR 2026<\/div>\n                            <\/a>\n\n                            \n                                                            <ul class=\"tags\">\n                                                                            <li>\n                                            <a href=\"https:\/\/data.bz.it\/de\/tag\/faelligkeiten\/\">F\u00e4LLIGKEITEN<\/a>\n                                        <\/li>\n                                                                    <\/ul>\n                                                    <\/div>\n                    <\/li>\n                                    <li>\n                        <div class=\"contents\">\n                            <div class=\"date\">17 November 2025<\/div>\n\n                            <a href=\"https:\/\/data.bz.it\/de\/wichtige-faelligkeiten-vom-16-november-2025-bis-zum-15-dezember-2025\/\">\n                                <div class=\"title\">WICHTIGE F\u00c4LLIGKEITEN VOM 16. NOVEMBER 2025 BIS ZUM 15. DEZEMBER 2025<\/div>\n                            <\/a>\n\n                            \n                                                            <ul class=\"tags\">\n                                                                            <li>\n                                            <a href=\"https:\/\/data.bz.it\/de\/tag\/faelligkeiten\/\">F\u00e4LLIGKEITEN<\/a>\n                                        <\/li>\n                                                                    <\/ul>\n                                                    <\/div>\n                    <\/li>\n                                    <li>\n                        <div class=\"contents\">\n                            <div class=\"date\">11 November 2025<\/div>\n\n                            <a href=\"https:\/\/data.bz.it\/de\/kollektivvertrag-handel-vertrieb-und-dienstleistungen-anpassung-der-mindestloehne-ab-november-2025\/\">\n                                <div class=\"title\">KOLLEKTIVVERTRAG HANDEL, VERTRIEB UND DIENSTLEISTUNGEN \u2013 ANPASSUNG DER MINDESTL\u00d6HNE AB NOVEMBER 2025<\/div>\n                            <\/a>\n\n                            \n                                                            <ul class=\"tags\">\n                                                                            <li>\n                                            <a href=\"https:\/\/data.bz.it\/de\/tag\/personalverwaltung\/\">PERSONALVERWALTUNG<\/a>\n                                        <\/li>\n                                                                    <\/ul>\n                                                    <\/div>\n                    <\/li>\n                                    <li>\n                        <div class=\"contents\">\n                            <div class=\"date\">15 October 2025<\/div>\n\n                            <a href=\"https:\/\/data.bz.it\/de\/wichtige-faelligkeiten-vom-16-oktober-2025-bis-zum-15-november-2025\/\">\n                                <div class=\"title\">WICHTIGE F\u00c4LLIGKEITEN VOM 16. OKTOBER 2025 BIS ZUM 15. NOVEMBER 2025<\/div>\n                            <\/a>\n\n                            \n                                                            <ul class=\"tags\">\n                                                                            <li>\n                                            <a href=\"https:\/\/data.bz.it\/de\/tag\/faelligkeiten\/\">F\u00e4LLIGKEITEN<\/a>\n                                        <\/li>\n                                                                    <\/ul>\n                                                    <\/div>\n                    <\/li>\n                            <\/ul>\n        <\/div>\n\n                    <div class=\"contains-all\">\n                <a class=\"button all\" href=\"https:\/\/data.bz.it\/it\/news\/\">Alle News<\/a>\n            <\/div>\n            <\/div>\n<\/section>\n","protected":false},"excerpt":{"rendered":"","protected":false},"author":1,"featured_media":0,"parent":0,"menu_order":0,"comment_status":"closed","ping_status":"open","template":"page-templates\/homepage.php","meta":{"footnotes":""},"class_list":["post-53","page","type-page","status-publish","hentry"],"yoast_head":"<!-- This site is optimized with the Yoast SEO plugin v27.3 - https:\/\/yoast.com\/product\/yoast-seo-wordpress\/ -->\n<title>DataConsulting - Wirtschaftliche, administrative und steuerliche Beratung in Bozen<\/title>\n<meta name=\"description\" content=\"DataConsulting hilft Ihnen bei der Beratung zu wirtschaftlichen, administrativen und steuerlichen Aspekten Ihres Unternehmens.\" \/>\n<meta name=\"robots\" content=\"index, follow, max-snippet:-1, max-image-preview:large, max-video-preview:-1\" \/>\n<link rel=\"canonical\" href=\"https:\/\/data.bz.it\/de\/\" \/>\n<meta property=\"og:locale\" content=\"de_DE\" \/>\n<meta property=\"og:type\" content=\"article\" \/>\n<meta property=\"og:title\" content=\"DataConsulting - Wirtschaftliche, administrative und steuerliche Beratung in Bozen\" \/>\n<meta property=\"og:description\" content=\"DataConsulting hilft Ihnen bei der Beratung zu wirtschaftlichen, administrativen und steuerlichen Aspekten Ihres Unternehmens.\" \/>\n<meta property=\"og:url\" content=\"https:\/\/data.bz.it\/de\/\" \/>\n<meta property=\"og:site_name\" content=\"DataConsulting\" \/>\n<meta property=\"article:modified_time\" content=\"2025-02-18T20:46:54+00:00\" \/>\n<meta property=\"og:image\" content=\"https:\/\/data.bz.it\/wp-content\/uploads\/2019\/10\/databz-og-1.png\" \/>\n\t<meta property=\"og:image:width\" content=\"1600\" \/>\n\t<meta property=\"og:image:height\" content=\"802\" \/>\n\t<meta property=\"og:image:type\" content=\"image\/png\" \/>\n<meta name=\"twitter:card\" content=\"summary_large_image\" \/>\n<meta name=\"twitter:label1\" content=\"Est. reading time\" \/>\n\t<meta name=\"twitter:data1\" content=\"2 minutes\" \/>\n<script type=\"application\/ld+json\" class=\"yoast-schema-graph\">{\"@context\":\"https:\\\/\\\/schema.org\",\"@graph\":[{\"@type\":\"WebPage\",\"@id\":\"https:\\\/\\\/data.bz.it\\\/de\\\/\",\"url\":\"https:\\\/\\\/data.bz.it\\\/de\\\/\",\"name\":\"DataConsulting - Wirtschaftliche, administrative und steuerliche Beratung in Bozen\",\"isPartOf\":{\"@id\":\"https:\\\/\\\/data.bz.it\\\/it\\\/#website\"},\"datePublished\":\"2019-07-26T08:02:29+00:00\",\"dateModified\":\"2025-02-18T20:46:54+00:00\",\"description\":\"DataConsulting hilft Ihnen bei der Beratung zu wirtschaftlichen, administrativen und steuerlichen Aspekten Ihres Unternehmens.\",\"breadcrumb\":{\"@id\":\"https:\\\/\\\/data.bz.it\\\/de\\\/#breadcrumb\"},\"inLanguage\":\"de-DE\",\"potentialAction\":[{\"@type\":\"ReadAction\",\"target\":[\"https:\\\/\\\/data.bz.it\\\/de\\\/\"]}]},{\"@type\":\"BreadcrumbList\",\"@id\":\"https:\\\/\\\/data.bz.it\\\/de\\\/#breadcrumb\",\"itemListElement\":[{\"@type\":\"ListItem\",\"position\":1,\"name\":\"Home\",\"item\":\"https:\\\/\\\/data.bz.it\\\/de\\\/\"},{\"@type\":\"ListItem\",\"position\":2,\"name\":\"Startseite\"}]},{\"@type\":\"WebSite\",\"@id\":\"https:\\\/\\\/data.bz.it\\\/it\\\/#website\",\"url\":\"https:\\\/\\\/data.bz.it\\\/it\\\/\",\"name\":\"DataConsulting\",\"description\":\"Un nuovo sito targato WordPress\",\"potentialAction\":[{\"@type\":\"SearchAction\",\"target\":{\"@type\":\"EntryPoint\",\"urlTemplate\":\"https:\\\/\\\/data.bz.it\\\/it\\\/?s={search_term_string}\"},\"query-input\":{\"@type\":\"PropertyValueSpecification\",\"valueRequired\":true,\"valueName\":\"search_term_string\"}}],\"inLanguage\":\"de-DE\"}]}<\/script>\n<!-- \/ Yoast SEO plugin. -->","yoast_head_json":{"title":"DataConsulting - Wirtschaftliche, administrative und steuerliche Beratung in Bozen","description":"DataConsulting hilft Ihnen bei der Beratung zu wirtschaftlichen, administrativen und steuerlichen Aspekten Ihres Unternehmens.","robots":{"index":"index","follow":"follow","max-snippet":"max-snippet:-1","max-image-preview":"max-image-preview:large","max-video-preview":"max-video-preview:-1"},"canonical":"https:\/\/data.bz.it\/de\/","og_locale":"de_DE","og_type":"article","og_title":"DataConsulting - Wirtschaftliche, administrative und steuerliche Beratung in Bozen","og_description":"DataConsulting hilft Ihnen bei der Beratung zu wirtschaftlichen, administrativen und steuerlichen Aspekten Ihres Unternehmens.","og_url":"https:\/\/data.bz.it\/de\/","og_site_name":"DataConsulting","article_modified_time":"2025-02-18T20:46:54+00:00","og_image":[{"width":1600,"height":802,"url":"https:\/\/data.bz.it\/wp-content\/uploads\/2019\/10\/databz-og-1.png","type":"image\/png"}],"twitter_card":"summary_large_image","twitter_misc":{"Est. reading time":"2 minutes"},"schema":{"@context":"https:\/\/schema.org","@graph":[{"@type":"WebPage","@id":"https:\/\/data.bz.it\/de\/","url":"https:\/\/data.bz.it\/de\/","name":"DataConsulting - Wirtschaftliche, administrative und steuerliche Beratung in Bozen","isPartOf":{"@id":"https:\/\/data.bz.it\/it\/#website"},"datePublished":"2019-07-26T08:02:29+00:00","dateModified":"2025-02-18T20:46:54+00:00","description":"DataConsulting hilft Ihnen bei der Beratung zu wirtschaftlichen, administrativen und steuerlichen Aspekten Ihres Unternehmens.","breadcrumb":{"@id":"https:\/\/data.bz.it\/de\/#breadcrumb"},"inLanguage":"de-DE","potentialAction":[{"@type":"ReadAction","target":["https:\/\/data.bz.it\/de\/"]}]},{"@type":"BreadcrumbList","@id":"https:\/\/data.bz.it\/de\/#breadcrumb","itemListElement":[{"@type":"ListItem","position":1,"name":"Home","item":"https:\/\/data.bz.it\/de\/"},{"@type":"ListItem","position":2,"name":"Startseite"}]},{"@type":"WebSite","@id":"https:\/\/data.bz.it\/it\/#website","url":"https:\/\/data.bz.it\/it\/","name":"DataConsulting","description":"Un nuovo sito targato WordPress","potentialAction":[{"@type":"SearchAction","target":{"@type":"EntryPoint","urlTemplate":"https:\/\/data.bz.it\/it\/?s={search_term_string}"},"query-input":{"@type":"PropertyValueSpecification","valueRequired":true,"valueName":"search_term_string"}}],"inLanguage":"de-DE"}]}},"_links":{"self":[{"href":"https:\/\/data.bz.it\/de\/wp-json\/wp\/v2\/pages\/53","targetHints":{"allow":["GET"]}}],"collection":[{"href":"https:\/\/data.bz.it\/de\/wp-json\/wp\/v2\/pages"}],"about":[{"href":"https:\/\/data.bz.it\/de\/wp-json\/wp\/v2\/types\/page"}],"author":[{"embeddable":true,"href":"https:\/\/data.bz.it\/de\/wp-json\/wp\/v2\/users\/1"}],"replies":[{"embeddable":true,"href":"https:\/\/data.bz.it\/de\/wp-json\/wp\/v2\/comments?post=53"}],"version-history":[{"count":16,"href":"https:\/\/data.bz.it\/de\/wp-json\/wp\/v2\/pages\/53\/revisions"}],"predecessor-version":[{"id":6303,"href":"https:\/\/data.bz.it\/de\/wp-json\/wp\/v2\/pages\/53\/revisions\/6303"}],"wp:attachment":[{"href":"https:\/\/data.bz.it\/de\/wp-json\/wp\/v2\/media?parent=53"}],"curies":[{"name":"wp","href":"https:\/\/api.w.org\/{rel}","templated":true}]}}