{"id":4145,"date":"2022-05-12T17:03:50","date_gmt":"2022-05-12T15:03:50","guid":{"rendered":"https:\/\/data.bz.it\/?page_id=4145"},"modified":"2022-05-13T10:03:17","modified_gmt":"2022-05-13T08:03:17","slug":"registrierung-abgeschlossen","status":"publish","type":"page","link":"https:\/\/data.bz.it\/de\/landing\/webinar-smart-working-von-der-notloesung-zur-chance\/registrierung-abgeschlossen\/","title":{"rendered":"Registrierung abgeschlossen"},"content":{"rendered":"\t\t<div data-elementor-type=\"wp-page\" data-elementor-id=\"4145\" class=\"elementor elementor-4145\" data-elementor-post-type=\"page\">\n\t\t\t\t\t\t<section class=\"elementor-section elementor-top-section elementor-element elementor-element-b41f64c elementor-section-boxed elementor-section-height-default elementor-section-height-default\" data-id=\"b41f64c\" data-element_type=\"section\" data-e-type=\"section\" data-settings=\"{&quot;background_background&quot;:&quot;classic&quot;}\">\n\t\t\t\t\t\t<div class=\"elementor-container elementor-column-gap-default\">\n\t\t\t\t\t<div class=\"elementor-column elementor-col-100 elementor-top-column elementor-element elementor-element-1c01707\" data-id=\"1c01707\" data-element_type=\"column\" data-e-type=\"column\">\n\t\t\t<div class=\"elementor-widget-wrap elementor-element-populated\">\n\t\t\t\t\t\t<div class=\"elementor-element elementor-element-c07b64d elementor-widget elementor-widget-button\" data-id=\"c07b64d\" data-element_type=\"widget\" data-e-type=\"widget\" data-widget_type=\"button.default\">\n\t\t\t\t<div class=\"elementor-widget-container\">\n\t\t\t\t\t\t\t\t\t<div class=\"elementor-button-wrapper\">\n\t\t\t\t\t<a class=\"elementor-button elementor-size-md\" role=\"button\">\n\t\t\t\t\t\t<span class=\"elementor-button-content-wrapper\">\n\t\t\t\t\t\t\t\t\t<span class=\"elementor-button-text\">Live Webinar<\/span>\n\t\t\t\t\t<\/span>\n\t\t\t\t\t<\/a>\n\t\t\t\t<\/div>\n\t\t\t\t\t\t\t\t<\/div>\n\t\t\t\t<\/div>\n\t\t\t\t<div class=\"elementor-element elementor-element-af1e8ae elementor-widget-divider--view-line elementor-widget elementor-widget-divider\" data-id=\"af1e8ae\" data-element_type=\"widget\" data-e-type=\"widget\" data-widget_type=\"divider.default\">\n\t\t\t\t<div class=\"elementor-widget-container\">\n\t\t\t\t\t\t\t<div class=\"elementor-divider\">\n\t\t\t<span class=\"elementor-divider-separator\">\n\t\t\t\t\t\t<\/span>\n\t\t<\/div>\n\t\t\t\t\t\t<\/div>\n\t\t\t\t<\/div>\n\t\t\t\t<div class=\"elementor-element elementor-element-e20af71 elementor-widget elementor-widget-heading\" data-id=\"e20af71\" data-element_type=\"widget\" data-e-type=\"widget\" data-widget_type=\"heading.default\">\n\t\t\t\t<div class=\"elementor-widget-container\">\n\t\t\t\t\t<h1 class=\"elementor-heading-title elementor-size-default\">Smart Working: von der Notl\u00f6sung zur Chance<\/h1>\t\t\t\t<\/div>\n\t\t\t\t<\/div>\n\t\t\t\t<div class=\"elementor-element elementor-element-306f88f elementor-widget elementor-widget-text-editor\" data-id=\"306f88f\" data-element_type=\"widget\" data-e-type=\"widget\" data-widget_type=\"text-editor.default\">\n\t\t\t\t<div class=\"elementor-widget-container\">\n\t\t\t\t\t\t\t\t\t<p>Auswirkungen und M\u00f6glichkeiten f\u00fcr die Unternehmensorganisation<\/p>\t\t\t\t\t\t\t\t<\/div>\n\t\t\t\t<\/div>\n\t\t\t\t\t<\/div>\n\t\t<\/div>\n\t\t\t\t\t<\/div>\n\t\t<\/section>\n\t\t\t\t<section class=\"elementor-section elementor-top-section elementor-element elementor-element-fd1a135 elementor-section-boxed elementor-section-height-default elementor-section-height-default\" data-id=\"fd1a135\" data-element_type=\"section\" data-e-type=\"section\">\n\t\t\t\t\t\t<div class=\"elementor-container elementor-column-gap-default\">\n\t\t\t\t\t<div class=\"elementor-column elementor-col-100 elementor-top-column elementor-element elementor-element-d1ca0ab\" data-id=\"d1ca0ab\" data-element_type=\"column\" data-e-type=\"column\">\n\t\t\t<div class=\"elementor-widget-wrap elementor-element-populated\">\n\t\t\t\t\t\t<div class=\"elementor-element elementor-element-6be84b0 elementor-widget elementor-widget-heading\" data-id=\"6be84b0\" data-element_type=\"widget\" data-e-type=\"widget\" data-widget_type=\"heading.default\">\n\t\t\t\t<div class=\"elementor-widget-container\">\n\t\t\t\t\t<h2 class=\"elementor-heading-title elementor-size-default\">Registrierung abgeschlossen!<\/h2>\t\t\t\t<\/div>\n\t\t\t\t<\/div>\n\t\t\t\t<div class=\"elementor-element elementor-element-edeacd8 elementor-widget elementor-widget-text-editor\" data-id=\"edeacd8\" data-element_type=\"widget\" data-e-type=\"widget\" data-widget_type=\"text-editor.default\">\n\t\t\t\t<div class=\"elementor-widget-container\">\n\t\t\t\t\t\t\t\t\t<p>Vielen Dank f\u00fcr Ihre Anmeldung, wir werden Ihnen in den n\u00e4chsten Tagen den Link zur Teilnahme am Webinar zusenden. In K\u00fcrze wird automatisch ein Kalendertermin heruntergeladen.<\/p>\t\t\t\t\t\t\t\t<\/div>\n\t\t\t\t<\/div>\n\t\t\t\t\t<\/div>\n\t\t<\/div>\n\t\t\t\t\t<\/div>\n\t\t<\/section>\n\t\t\t\t<section class=\"elementor-section elementor-top-section elementor-element elementor-element-04c938a elementor-section-boxed elementor-section-height-default elementor-section-height-default\" data-id=\"04c938a\" data-element_type=\"section\" data-e-type=\"section\">\n\t\t\t\t\t\t<div class=\"elementor-container elementor-column-gap-no\">\n\t\t\t\t\t<div class=\"elementor-column elementor-col-100 elementor-top-column elementor-element elementor-element-23d7488\" data-id=\"23d7488\" data-element_type=\"column\" data-e-type=\"column\">\n\t\t\t<div class=\"elementor-widget-wrap elementor-element-populated\">\n\t\t\t\t\t\t<div class=\"elementor-element elementor-element-732378a elementor-widget elementor-widget-html\" data-id=\"732378a\" data-element_type=\"widget\" data-e-type=\"widget\" data-widget_type=\"html.default\">\n\t\t\t\t<div class=\"elementor-widget-container\">\n\t\t\t\t\t<style type=\"text\/css\">\n    h1, h2, h3 {\n        font-family: 'BwNistaGeometric-Black' !important;\n    \n        margin: 0 !important;\n    }\n    \n    h2 {\n        font-size: 28px !important;    \n    }\n    \n    h3 {\n        font-size: 24px !important;    \n    }\n    \n    .white h1, .white h2, .white h3 {\n        color: #ffffff !important;\n    }\n    \n    .elementor-button {\n        font-family: 'BwNistaGeometric-Regular' !important;\n        pointer-events: none;\n    }\n    \n    .elementor-widget-text-editor p {\n        margin: 0 !important;\n    }\n    \n    .elementor-widget-text-editor.smaller p {\n        font-size: 14px;\n    }\n<\/style>\t\t\t\t<\/div>\n\t\t\t\t<\/div>\n\t\t\t\t<div class=\"elementor-element elementor-element-89fc943 elementor-widget elementor-widget-html\" data-id=\"89fc943\" data-element_type=\"widget\" data-e-type=\"widget\" data-widget_type=\"html.default\">\n\t\t\t\t<div class=\"elementor-widget-container\">\n\t\t\t\t\t<script src=\"https:\/\/cdnjs.cloudflare.com\/ajax\/libs\/FileSaver.js\/2.0.0\/FileSaver.min.js\" integrity=\"sha512-csNcFYJniKjJxRWRV1R7fvnXrycHP6qDR21mgz1ZP55xY5d+aHLfo9\/FcGDQLfn2IfngbAHd8LdfsagcCqgTcQ==\" crossorigin=\"anonymous\" referrerpolicy=\"no-referrer\"><\/script>\n        <script src=\"https:\/\/cdnjs.cloudflare.com\/ajax\/libs\/blob-polyfill\/7.0.20220408\/Blob.min.js\" integrity=\"sha512-uPm9nh4\/QF6a7Mz4Srk0lXfN7T+PhKls\/NhWUKpXUbu3xeG4bXhtbw2NCye0BRXopnD0x+SBDMOWXOlHAwqgLw==\" crossorigin=\"anonymous\" referrerpolicy=\"no-referrer\"><\/script>\n        <script type=\"text\/javascript\">\n            \/*! ics.js Wed Sept 14 2017 *\/\n            var ics=function(e,t){\"use strict\";{if(!(navigator.userAgent.indexOf(\"MSIE\")>-1&&-1==navigator.userAgent.indexOf(\"MSIE 10\"))){void 0===e&&(e=\"default\"),void 0===t&&(t=\"Calendar\");var r=-1!==navigator.appVersion.indexOf(\"Win\")?\"\\r\\n\":\"\\n\",n=[],i=[\"BEGIN:VCALENDAR\",\"PRODID:\"+t,\"VERSION:2.0\"].join(r),o=r+\"END:VCALENDAR\",a=[\"SU\",\"MO\",\"TU\",\"WE\",\"TH\",\"FR\",\"SA\"];return{events:function(){return n},calendar:function(){return i+r+n.join(r)+o},addEvent:function(t,i,o,l,u,s){if(void 0===t||void 0===i||void 0===o||void 0===l||void 0===u)return!1;if(s&&!s.rrule){if(\"YEARLY\"!==s.freq&&\"MONTHLY\"!==s.freq&&\"WEEKLY\"!==s.freq&&\"DAILY\"!==s.freq)throw\"Recurrence rrule frequency must be provided and be one of the following: 'YEARLY', 'MONTHLY', 'WEEKLY', or 'DAILY'\";if(s.until&&isNaN(Date.parse(s.until)))throw\"Recurrence rrule 'until' must be a valid date string\";if(s.interval&&isNaN(parseInt(s.interval)))throw\"Recurrence rrule 'interval' must be an integer\";if(s.count&&isNaN(parseInt(s.count)))throw\"Recurrence rrule 'count' must be an integer\";if(void 0!==s.byday){if(\"[object Array]\"!==Object.prototype.toString.call(s.byday))throw\"Recurrence rrule 'byday' must be an array\";if(s.byday.length>7)throw\"Recurrence rrule 'byday' array must not be longer than the 7 days in a week\";s.byday=s.byday.filter(function(e,t){return s.byday.indexOf(e)==t});for(var c in s.byday)if(a.indexOf(s.byday[c])<0)throw\"Recurrence rrule 'byday' values must include only the following: 'SU', 'MO', 'TU', 'WE', 'TH', 'FR', 'SA'\"}}var g=new Date(l),d=new Date(u),f=new Date,S=(\"0000\"+g.getFullYear().toString()).slice(-4),E=(\"00\"+(g.getMonth()+1).toString()).slice(-2),v=(\"00\"+g.getDate().toString()).slice(-2),y=(\"00\"+g.getHours().toString()).slice(-2),A=(\"00\"+g.getMinutes().toString()).slice(-2),T=(\"00\"+g.getSeconds().toString()).slice(-2),b=(\"0000\"+d.getFullYear().toString()).slice(-4),D=(\"00\"+(d.getMonth()+1).toString()).slice(-2),N=(\"00\"+d.getDate().toString()).slice(-2),h=(\"00\"+d.getHours().toString()).slice(-2),I=(\"00\"+d.getMinutes().toString()).slice(-2),R=(\"00\"+d.getMinutes().toString()).slice(-2),M=(\"0000\"+f.getFullYear().toString()).slice(-4),w=(\"00\"+(f.getMonth()+1).toString()).slice(-2),L=(\"00\"+f.getDate().toString()).slice(-2),O=(\"00\"+f.getHours().toString()).slice(-2),p=(\"00\"+f.getMinutes().toString()).slice(-2),Y=(\"00\"+f.getMinutes().toString()).slice(-2),U=\"\",V=\"\";y+A+T+h+I+R!=0&&(U=\"T\"+y+A+T,V=\"T\"+h+I+R);var B,C=S+E+v+U,j=b+D+N+V,m=M+w+L+(\"T\"+O+p+Y);if(s)if(s.rrule)B=s.rrule;else{if(B=\"rrule:FREQ=\"+s.freq,s.until){var x=new Date(Date.parse(s.until)).toISOString();B+=\";UNTIL=\"+x.substring(0,x.length-13).replace(\/[-]\/g,\"\")+\"000000Z\"}s.interval&&(B+=\";INTERVAL=\"+s.interval),s.count&&(B+=\";COUNT=\"+s.count),s.byday&&s.byday.length>0&&(B+=\";BYDAY=\"+s.byday.join(\",\"))}(new Date).toISOString();var H=[\"BEGIN:VEVENT\",\"UID:\"+n.length+\"@\"+e,\"CLASS:PUBLIC\",\"DESCRIPTION:\"+i,\"DTSTAMP;VALUE=DATE-TIME:\"+m,\"DTSTART;VALUE=DATE-TIME:\"+C,\"DTEND;VALUE=DATE-TIME:\"+j,\"LOCATION:\"+o,\"SUMMARY;LANGUAGE=en-us:\"+t,\"TRANSP:TRANSPARENT\",\"END:VEVENT\"];return B&&H.splice(4,0,B),H=H.join(r),n.push(H),H},download:function(e,t){if(n.length<1)return!1;t=void 0!==t?t:\".ics\",e=void 0!==e?e:\"calendar\";var a,l=i+r+n.join(r)+o;if(-1===navigator.userAgent.indexOf(\"MSIE 10\"))a=new Blob([l]);else{var u=new BlobBuilder;u.append(l),a=u.getBlob(\"text\/x-vCalendar;charset=\"+document.characterSet)}return saveAs(a,e+t),l},build:function(){return!(n.length<1)&&i+r+n.join(r)+o}}}console.log(\"Unsupported Browser\")}};\n\n            if (!document.body.classList.contains(\"elementor-editor-active\")) {\n                setTimeout(function () {\n                    var cal = ics();\n                    cal.addEvent(\"[Live Webinar] Smart Working: von der Notl\u00f6sung zur Chance\", \"Auswirkungen und M\u00f6glichkeiten f\u00fcr die Unternehmensorganisation\", \"Live Webinar\", \"2022-05-26 16:30\", \"2022-05-26 17:30\");\n                    cal.download(\"termin-smart-working-von-der-notloesung-zur-chance\");\n                }, 2500);\n            }\n        <\/script>\t\t\t\t<\/div>\n\t\t\t\t<\/div>\n\t\t\t\t\t<\/div>\n\t\t<\/div>\n\t\t\t\t\t<\/div>\n\t\t<\/section>\n\t\t\t\t<\/div>\n\t\t","protected":false},"excerpt":{"rendered":"<p>Live Webinar Smart Working: von der Notl\u00f6sung zur Chance Auswirkungen und M\u00f6glichkeiten f\u00fcr die Unternehmensorganisation Registrierung abgeschlossen! Vielen Dank f\u00fcr Ihre Anmeldung, wir werden Ihnen in den n\u00e4chsten Tagen den Link zur Teilnahme am Webinar zusenden. In K\u00fcrze wird automatisch ein Kalendertermin heruntergeladen.<\/p>\n","protected":false},"author":1,"featured_media":0,"parent":4135,"menu_order":0,"comment_status":"closed","ping_status":"closed","template":"page-templates\/elementor.php","meta":{"footnotes":""},"class_list":["post-4145","page","type-page","status-publish","hentry"],"yoast_head":"<!-- This site is optimized with the Yoast SEO plugin v27.3 - https:\/\/yoast.com\/product\/yoast-seo-wordpress\/ -->\n<title>Registrierung abgeschlossen - DataConsulting<\/title>\n<meta name=\"robots\" content=\"index, follow, max-snippet:-1, max-image-preview:large, max-video-preview:-1\" \/>\n<link rel=\"canonical\" href=\"https:\/\/data.bz.it\/it\/landing\/webinar-smart-working-da-emergenza-a-opportunita\/registrazione-effettuata\/\" \/>\n<meta property=\"og:locale\" content=\"de_DE\" \/>\n<meta property=\"og:type\" content=\"article\" \/>\n<meta property=\"og:title\" content=\"Registrierung abgeschlossen - DataConsulting\" \/>\n<meta property=\"og:description\" content=\"Live Webinar Smart Working: von der Notl\u00f6sung zur Chance Auswirkungen und M\u00f6glichkeiten f\u00fcr die Unternehmensorganisation Registrierung abgeschlossen! Vielen Dank f\u00fcr Ihre Anmeldung, wir werden Ihnen in den n\u00e4chsten Tagen den Link zur Teilnahme am Webinar zusenden. In K\u00fcrze wird automatisch ein Kalendertermin heruntergeladen.\" \/>\n<meta property=\"og:url\" content=\"https:\/\/data.bz.it\/it\/landing\/webinar-smart-working-da-emergenza-a-opportunita\/registrazione-effettuata\/\" \/>\n<meta property=\"og:site_name\" content=\"DataConsulting\" \/>\n<meta property=\"article:modified_time\" content=\"2022-05-13T08:03:17+00:00\" \/>\n<meta property=\"og:image\" content=\"https:\/\/data.bz.it\/wp-content\/uploads\/2019\/10\/databz-og-1.png\" \/>\n\t<meta property=\"og:image:width\" content=\"1600\" \/>\n\t<meta property=\"og:image:height\" content=\"802\" \/>\n\t<meta property=\"og:image:type\" content=\"image\/png\" \/>\n<meta name=\"twitter:card\" content=\"summary_large_image\" \/>\n<meta name=\"twitter:label1\" content=\"Est. reading time\" \/>\n\t<meta name=\"twitter:data1\" content=\"1 minute\" \/>\n<script type=\"application\/ld+json\" class=\"yoast-schema-graph\">{\"@context\":\"https:\\\/\\\/schema.org\",\"@graph\":[{\"@type\":\"WebPage\",\"@id\":\"https:\\\/\\\/data.bz.it\\\/it\\\/landing\\\/webinar-smart-working-da-emergenza-a-opportunita\\\/registrazione-effettuata\\\/\",\"url\":\"https:\\\/\\\/data.bz.it\\\/it\\\/landing\\\/webinar-smart-working-da-emergenza-a-opportunita\\\/registrazione-effettuata\\\/\",\"name\":\"Registrierung abgeschlossen - DataConsulting\",\"isPartOf\":{\"@id\":\"https:\\\/\\\/data.bz.it\\\/it\\\/#website\"},\"datePublished\":\"2022-05-12T15:03:50+00:00\",\"dateModified\":\"2022-05-13T08:03:17+00:00\",\"breadcrumb\":{\"@id\":\"https:\\\/\\\/data.bz.it\\\/it\\\/landing\\\/webinar-smart-working-da-emergenza-a-opportunita\\\/registrazione-effettuata\\\/#breadcrumb\"},\"inLanguage\":\"de-DE\",\"potentialAction\":[{\"@type\":\"ReadAction\",\"target\":[\"https:\\\/\\\/data.bz.it\\\/it\\\/landing\\\/webinar-smart-working-da-emergenza-a-opportunita\\\/registrazione-effettuata\\\/\"]}]},{\"@type\":\"BreadcrumbList\",\"@id\":\"https:\\\/\\\/data.bz.it\\\/it\\\/landing\\\/webinar-smart-working-da-emergenza-a-opportunita\\\/registrazione-effettuata\\\/#breadcrumb\",\"itemListElement\":[{\"@type\":\"ListItem\",\"position\":1,\"name\":\"Home\",\"item\":\"https:\\\/\\\/data.bz.it\\\/de\\\/\"},{\"@type\":\"ListItem\",\"position\":2,\"name\":\"Landing\",\"item\":\"https:\\\/\\\/data.bz.it\\\/de\\\/landing\\\/\"},{\"@type\":\"ListItem\",\"position\":3,\"name\":\"Webinar &#8211; Smart Working: von der Notl\u00f6sung zur Chance\",\"item\":\"https:\\\/\\\/data.bz.it\\\/de\\\/landing\\\/webinar-smart-working-von-der-notloesung-zur-chance\\\/\"},{\"@type\":\"ListItem\",\"position\":4,\"name\":\"Registrierung abgeschlossen\"}]},{\"@type\":\"WebSite\",\"@id\":\"https:\\\/\\\/data.bz.it\\\/it\\\/#website\",\"url\":\"https:\\\/\\\/data.bz.it\\\/it\\\/\",\"name\":\"DataConsulting\",\"description\":\"Un nuovo sito targato WordPress\",\"potentialAction\":[{\"@type\":\"SearchAction\",\"target\":{\"@type\":\"EntryPoint\",\"urlTemplate\":\"https:\\\/\\\/data.bz.it\\\/it\\\/?s={search_term_string}\"},\"query-input\":{\"@type\":\"PropertyValueSpecification\",\"valueRequired\":true,\"valueName\":\"search_term_string\"}}],\"inLanguage\":\"de-DE\"}]}<\/script>\n<!-- \/ Yoast SEO plugin. -->","yoast_head_json":{"title":"Registrierung abgeschlossen - DataConsulting","robots":{"index":"index","follow":"follow","max-snippet":"max-snippet:-1","max-image-preview":"max-image-preview:large","max-video-preview":"max-video-preview:-1"},"canonical":"https:\/\/data.bz.it\/it\/landing\/webinar-smart-working-da-emergenza-a-opportunita\/registrazione-effettuata\/","og_locale":"de_DE","og_type":"article","og_title":"Registrierung abgeschlossen - DataConsulting","og_description":"Live Webinar Smart Working: von der Notl\u00f6sung zur Chance Auswirkungen und M\u00f6glichkeiten f\u00fcr die Unternehmensorganisation Registrierung abgeschlossen! Vielen Dank f\u00fcr Ihre Anmeldung, wir werden Ihnen in den n\u00e4chsten Tagen den Link zur Teilnahme am Webinar zusenden. In K\u00fcrze wird automatisch ein Kalendertermin heruntergeladen.","og_url":"https:\/\/data.bz.it\/it\/landing\/webinar-smart-working-da-emergenza-a-opportunita\/registrazione-effettuata\/","og_site_name":"DataConsulting","article_modified_time":"2022-05-13T08:03:17+00:00","og_image":[{"width":1600,"height":802,"url":"https:\/\/data.bz.it\/wp-content\/uploads\/2019\/10\/databz-og-1.png","type":"image\/png"}],"twitter_card":"summary_large_image","twitter_misc":{"Est. reading time":"1 minute"},"schema":{"@context":"https:\/\/schema.org","@graph":[{"@type":"WebPage","@id":"https:\/\/data.bz.it\/it\/landing\/webinar-smart-working-da-emergenza-a-opportunita\/registrazione-effettuata\/","url":"https:\/\/data.bz.it\/it\/landing\/webinar-smart-working-da-emergenza-a-opportunita\/registrazione-effettuata\/","name":"Registrierung abgeschlossen - DataConsulting","isPartOf":{"@id":"https:\/\/data.bz.it\/it\/#website"},"datePublished":"2022-05-12T15:03:50+00:00","dateModified":"2022-05-13T08:03:17+00:00","breadcrumb":{"@id":"https:\/\/data.bz.it\/it\/landing\/webinar-smart-working-da-emergenza-a-opportunita\/registrazione-effettuata\/#breadcrumb"},"inLanguage":"de-DE","potentialAction":[{"@type":"ReadAction","target":["https:\/\/data.bz.it\/it\/landing\/webinar-smart-working-da-emergenza-a-opportunita\/registrazione-effettuata\/"]}]},{"@type":"BreadcrumbList","@id":"https:\/\/data.bz.it\/it\/landing\/webinar-smart-working-da-emergenza-a-opportunita\/registrazione-effettuata\/#breadcrumb","itemListElement":[{"@type":"ListItem","position":1,"name":"Home","item":"https:\/\/data.bz.it\/de\/"},{"@type":"ListItem","position":2,"name":"Landing","item":"https:\/\/data.bz.it\/de\/landing\/"},{"@type":"ListItem","position":3,"name":"Webinar &#8211; Smart Working: von der Notl\u00f6sung zur Chance","item":"https:\/\/data.bz.it\/de\/landing\/webinar-smart-working-von-der-notloesung-zur-chance\/"},{"@type":"ListItem","position":4,"name":"Registrierung abgeschlossen"}]},{"@type":"WebSite","@id":"https:\/\/data.bz.it\/it\/#website","url":"https:\/\/data.bz.it\/it\/","name":"DataConsulting","description":"Un nuovo sito targato WordPress","potentialAction":[{"@type":"SearchAction","target":{"@type":"EntryPoint","urlTemplate":"https:\/\/data.bz.it\/it\/?s={search_term_string}"},"query-input":{"@type":"PropertyValueSpecification","valueRequired":true,"valueName":"search_term_string"}}],"inLanguage":"de-DE"}]}},"_links":{"self":[{"href":"https:\/\/data.bz.it\/de\/wp-json\/wp\/v2\/pages\/4145","targetHints":{"allow":["GET"]}}],"collection":[{"href":"https:\/\/data.bz.it\/de\/wp-json\/wp\/v2\/pages"}],"about":[{"href":"https:\/\/data.bz.it\/de\/wp-json\/wp\/v2\/types\/page"}],"author":[{"embeddable":true,"href":"https:\/\/data.bz.it\/de\/wp-json\/wp\/v2\/users\/1"}],"replies":[{"embeddable":true,"href":"https:\/\/data.bz.it\/de\/wp-json\/wp\/v2\/comments?post=4145"}],"version-history":[{"count":19,"href":"https:\/\/data.bz.it\/de\/wp-json\/wp\/v2\/pages\/4145\/revisions"}],"predecessor-version":[{"id":4240,"href":"https:\/\/data.bz.it\/de\/wp-json\/wp\/v2\/pages\/4145\/revisions\/4240"}],"up":[{"embeddable":true,"href":"https:\/\/data.bz.it\/de\/wp-json\/wp\/v2\/pages\/4135"}],"wp:attachment":[{"href":"https:\/\/data.bz.it\/de\/wp-json\/wp\/v2\/media?parent=4145"}],"curies":[{"name":"wp","href":"https:\/\/api.w.org\/{rel}","templated":true}]}}