{"id":161,"date":"2019-08-28T15:08:28","date_gmt":"2019-08-28T13:08:28","guid":{"rendered":"https:\/\/data.bz.it\/?page_id=161"},"modified":"2019-10-28T15:58:39","modified_gmt":"2019-10-28T14:58:39","slug":"impressum","status":"publish","type":"page","link":"https:\/\/data.bz.it\/de\/impressum\/","title":{"rendered":"Impressum"},"content":{"rendered":"<p><strong>Verantwortlich f\u00fcr die Inhalte<\/strong><\/p>\n<p>Data GmbH<br \/>\nG. Galilei Stra\u00dfe, 10 &#8211; Forum Galilei<br \/>\nI-39100 Bozen<br \/>\nTel: +39 0471 533 700<br \/>\nFax: +39 0471 210 700<br \/>\nSC \\ MwSt-Nr: 00198880213<br \/>\nPEC: <a href=\"mailto:dataconsultingbz@legalmail.it\" style=\"color: white;\">dataconsultingbz@legalmail.it<\/a><br \/>\nE-mail: <a href=\"mailto:info@data.bz.it\" style=\"color: white;\">info@data.bz.it<\/a><\/p>\n<h3>A.G.B.<\/h3>\n<p><strong>Verrechnungsart<\/strong><\/p>\n<p>Wir werden Ihnen unsere Leistungen quartalsm\u00e4\u00dfig in Rechnung stellen. Die get\u00e4tigten Ausgaben (Postgeb\u00fchren, Stempelmarken, Vidimierungsgeb\u00fchren), sowie die Beratungsleistungen werden je nach Beanspruchung nach und nach in Rechnung gestellt.<br \/>\nDie Preise werden ohne MwSt. angegeben und j\u00e4hrlich an die Steigerung des ASTAT-Lebenshaltungskostenindexes angepasst. Als Ausgangsbasis wird der Index des Monats Januar des darauffolgenden Jahres verwendet.<\/p>\n<p><strong>Zahlungsbedingung<\/strong><\/p>\n<p>30 Tage ab Rechnungsdatum mittels Bankquittung.<br \/>\nBeginn und Dauer des Auftrages<br \/>\nDer Auftrag beginnt mit der Unterzeichnung des Angebots und ist bis zum 31.Dezember in Kraft. Das Mandat wird j\u00e4hrlich automatisch erneut, die K\u00fcndigungsfrist f\u00fcr beide Parteien bel\u00e4uft sich auf 60 Tage vor der Erneuerung und muss via Einschreibbrief oder zertifizierter E-Mail (PEC) kommuniziert werden.<\/p>\n<p><strong>K\u00fcndigungsklausel<\/strong><\/p>\n<p>Der fehlende Eingang des Rechnungsbetrages innerhalb von 60 Tagen ab Rechnungsf\u00e4lligkeit kann zu einer Aufl\u00f6sung des Vertrages f\u00fchren, welche via Einschreibbrief oder zertifizierter E-Mail mitzuteilen ist.<br \/>\nIn diesem Fall geben wir die aktualisierten Unterlagen des vorangegangenen Monats zur\u00fcck, ohne uns um jedwelche Aufgabe und Verpflichtung des laufenden Jahres mehr zu k\u00fcmmern.<br \/>\nMit der Annahme des Angebotes gilt das Mandat f\u00fcr die Durchf\u00fchrung der gelisteten Leistungen als erteilt.<\/p>\n<p><strong>Gerichtsstand<\/strong><\/p>\n<p>Der Vertrag unterliegt italienischem Recht. Gerichtsstand f\u00fcr jeden Streitfall hinsichtlich G\u00fcltigkeit, Interpretation oder Durchf\u00fchrung des Vertrages ist Bozen.<\/p>\n<p><strong>Konzept, Webdesign und Programmierung<\/strong><\/p>\n<p><!--<a href=\"https:\/\/sheldon.studio\" target=\"_blank\" rel=\"noopener noreferrer\">Sheldon Studio<\/a>-->Sheldon Studio<\/p>\n","protected":false},"excerpt":{"rendered":"<p>Verantwortlich f\u00fcr die Inhalte Data GmbH G. Galilei Stra\u00dfe, 10 &#8211; Forum Galilei I-39100 Bozen Tel: +39 0471 533 700 Fax: +39 0471 210 700 SC \\ MwSt-Nr: 00198880213 PEC: dataconsultingbz@legalmail.it E-mail: info@data.bz.it A.G.B. Verrechnungsart Wir werden Ihnen unsere Leistungen quartalsm\u00e4\u00dfig in Rechnung stellen. Die get\u00e4tigten Ausgaben (Postgeb\u00fchren, Stempelmarken, Vidimierungsgeb\u00fchren), sowie die Beratungsleistungen werden je [&hellip;]<\/p>\n","protected":false},"author":1,"featured_media":0,"parent":0,"menu_order":0,"comment_status":"closed","ping_status":"closed","template":"","meta":{"footnotes":""},"class_list":["post-161","page","type-page","status-publish","hentry"],"yoast_head":"<!-- This site is optimized with the Yoast SEO plugin v27.3 - https:\/\/yoast.com\/product\/yoast-seo-wordpress\/ -->\n<title>Impressum - DataConsulting<\/title>\n<meta name=\"robots\" content=\"index, follow, max-snippet:-1, max-image-preview:large, max-video-preview:-1\" \/>\n<link rel=\"canonical\" href=\"https:\/\/data.bz.it\/de\/impressum\/\" \/>\n<meta property=\"og:locale\" content=\"de_DE\" \/>\n<meta property=\"og:type\" content=\"article\" \/>\n<meta property=\"og:title\" content=\"Impressum - DataConsulting\" \/>\n<meta property=\"og:description\" content=\"Verantwortlich f\u00fcr die Inhalte Data GmbH G. Galilei Stra\u00dfe, 10 &#8211; Forum Galilei I-39100 Bozen Tel: +39 0471 533 700 Fax: +39 0471 210 700 SC  MwSt-Nr: 00198880213 PEC: dataconsultingbz@legalmail.it E-mail: info@data.bz.it A.G.B. Verrechnungsart Wir werden Ihnen unsere Leistungen quartalsm\u00e4\u00dfig in Rechnung stellen. Die get\u00e4tigten Ausgaben (Postgeb\u00fchren, Stempelmarken, Vidimierungsgeb\u00fchren), sowie die Beratungsleistungen werden je [&hellip;]\" \/>\n<meta property=\"og:url\" content=\"https:\/\/data.bz.it\/de\/impressum\/\" \/>\n<meta property=\"og:site_name\" content=\"DataConsulting\" \/>\n<meta property=\"article:modified_time\" content=\"2019-10-28T14:58:39+00:00\" \/>\n<meta property=\"og:image\" content=\"https:\/\/data.bz.it\/wp-content\/uploads\/2019\/10\/databz-og-1.png\" \/>\n\t<meta property=\"og:image:width\" content=\"1600\" \/>\n\t<meta property=\"og:image:height\" content=\"802\" \/>\n\t<meta property=\"og:image:type\" content=\"image\/png\" \/>\n<meta name=\"twitter:card\" content=\"summary_large_image\" \/>\n<meta name=\"twitter:label1\" content=\"Est. reading time\" \/>\n\t<meta name=\"twitter:data1\" content=\"1 minute\" \/>\n<script type=\"application\/ld+json\" class=\"yoast-schema-graph\">{\"@context\":\"https:\\\/\\\/schema.org\",\"@graph\":[{\"@type\":\"WebPage\",\"@id\":\"https:\\\/\\\/data.bz.it\\\/de\\\/impressum\\\/\",\"url\":\"https:\\\/\\\/data.bz.it\\\/de\\\/impressum\\\/\",\"name\":\"Impressum - DataConsulting\",\"isPartOf\":{\"@id\":\"https:\\\/\\\/data.bz.it\\\/it\\\/#website\"},\"datePublished\":\"2019-08-28T13:08:28+00:00\",\"dateModified\":\"2019-10-28T14:58:39+00:00\",\"breadcrumb\":{\"@id\":\"https:\\\/\\\/data.bz.it\\\/de\\\/impressum\\\/#breadcrumb\"},\"inLanguage\":\"de-DE\",\"potentialAction\":[{\"@type\":\"ReadAction\",\"target\":[\"https:\\\/\\\/data.bz.it\\\/de\\\/impressum\\\/\"]}]},{\"@type\":\"BreadcrumbList\",\"@id\":\"https:\\\/\\\/data.bz.it\\\/de\\\/impressum\\\/#breadcrumb\",\"itemListElement\":[{\"@type\":\"ListItem\",\"position\":1,\"name\":\"Home\",\"item\":\"https:\\\/\\\/data.bz.it\\\/de\\\/\"},{\"@type\":\"ListItem\",\"position\":2,\"name\":\"Impressum\"}]},{\"@type\":\"WebSite\",\"@id\":\"https:\\\/\\\/data.bz.it\\\/it\\\/#website\",\"url\":\"https:\\\/\\\/data.bz.it\\\/it\\\/\",\"name\":\"DataConsulting\",\"description\":\"Un nuovo sito targato WordPress\",\"potentialAction\":[{\"@type\":\"SearchAction\",\"target\":{\"@type\":\"EntryPoint\",\"urlTemplate\":\"https:\\\/\\\/data.bz.it\\\/it\\\/?s={search_term_string}\"},\"query-input\":{\"@type\":\"PropertyValueSpecification\",\"valueRequired\":true,\"valueName\":\"search_term_string\"}}],\"inLanguage\":\"de-DE\"}]}<\/script>\n<!-- \/ Yoast SEO plugin. -->","yoast_head_json":{"title":"Impressum - DataConsulting","robots":{"index":"index","follow":"follow","max-snippet":"max-snippet:-1","max-image-preview":"max-image-preview:large","max-video-preview":"max-video-preview:-1"},"canonical":"https:\/\/data.bz.it\/de\/impressum\/","og_locale":"de_DE","og_type":"article","og_title":"Impressum - DataConsulting","og_description":"Verantwortlich f\u00fcr die Inhalte Data GmbH G. Galilei Stra\u00dfe, 10 &#8211; Forum Galilei I-39100 Bozen Tel: +39 0471 533 700 Fax: +39 0471 210 700 SC  MwSt-Nr: 00198880213 PEC: dataconsultingbz@legalmail.it E-mail: info@data.bz.it A.G.B. Verrechnungsart Wir werden Ihnen unsere Leistungen quartalsm\u00e4\u00dfig in Rechnung stellen. Die get\u00e4tigten Ausgaben (Postgeb\u00fchren, Stempelmarken, Vidimierungsgeb\u00fchren), sowie die Beratungsleistungen werden je [&hellip;]","og_url":"https:\/\/data.bz.it\/de\/impressum\/","og_site_name":"DataConsulting","article_modified_time":"2019-10-28T14:58:39+00:00","og_image":[{"width":1600,"height":802,"url":"https:\/\/data.bz.it\/wp-content\/uploads\/2019\/10\/databz-og-1.png","type":"image\/png"}],"twitter_card":"summary_large_image","twitter_misc":{"Est. reading time":"1 minute"},"schema":{"@context":"https:\/\/schema.org","@graph":[{"@type":"WebPage","@id":"https:\/\/data.bz.it\/de\/impressum\/","url":"https:\/\/data.bz.it\/de\/impressum\/","name":"Impressum - DataConsulting","isPartOf":{"@id":"https:\/\/data.bz.it\/it\/#website"},"datePublished":"2019-08-28T13:08:28+00:00","dateModified":"2019-10-28T14:58:39+00:00","breadcrumb":{"@id":"https:\/\/data.bz.it\/de\/impressum\/#breadcrumb"},"inLanguage":"de-DE","potentialAction":[{"@type":"ReadAction","target":["https:\/\/data.bz.it\/de\/impressum\/"]}]},{"@type":"BreadcrumbList","@id":"https:\/\/data.bz.it\/de\/impressum\/#breadcrumb","itemListElement":[{"@type":"ListItem","position":1,"name":"Home","item":"https:\/\/data.bz.it\/de\/"},{"@type":"ListItem","position":2,"name":"Impressum"}]},{"@type":"WebSite","@id":"https:\/\/data.bz.it\/it\/#website","url":"https:\/\/data.bz.it\/it\/","name":"DataConsulting","description":"Un nuovo sito targato WordPress","potentialAction":[{"@type":"SearchAction","target":{"@type":"EntryPoint","urlTemplate":"https:\/\/data.bz.it\/it\/?s={search_term_string}"},"query-input":{"@type":"PropertyValueSpecification","valueRequired":true,"valueName":"search_term_string"}}],"inLanguage":"de-DE"}]}},"_links":{"self":[{"href":"https:\/\/data.bz.it\/de\/wp-json\/wp\/v2\/pages\/161","targetHints":{"allow":["GET"]}}],"collection":[{"href":"https:\/\/data.bz.it\/de\/wp-json\/wp\/v2\/pages"}],"about":[{"href":"https:\/\/data.bz.it\/de\/wp-json\/wp\/v2\/types\/page"}],"author":[{"embeddable":true,"href":"https:\/\/data.bz.it\/de\/wp-json\/wp\/v2\/users\/1"}],"replies":[{"embeddable":true,"href":"https:\/\/data.bz.it\/de\/wp-json\/wp\/v2\/comments?post=161"}],"version-history":[{"count":7,"href":"https:\/\/data.bz.it\/de\/wp-json\/wp\/v2\/pages\/161\/revisions"}],"predecessor-version":[{"id":327,"href":"https:\/\/data.bz.it\/de\/wp-json\/wp\/v2\/pages\/161\/revisions\/327"}],"wp:attachment":[{"href":"https:\/\/data.bz.it\/de\/wp-json\/wp\/v2\/media?parent=161"}],"curies":[{"name":"wp","href":"https:\/\/api.w.org\/{rel}","templated":true}]}}